{"id":83558,"date":"2025-06-20T11:17:19","date_gmt":"2025-06-20T09:17:19","guid":{"rendered":"https:\/\/pilma.com\/metodos-de-pagament\/"},"modified":"2025-06-20T11:55:30","modified_gmt":"2025-06-20T09:55:30","slug":"metodes-de-pagament","status":"publish","type":"page","link":"https:\/\/pilma.com\/ca\/metodes-de-pagament\/","title":{"rendered":"M\u00e8todes de pagament"},"content":{"rendered":"<p>[et_pb_section fb_built=&#8221;1&#8243; _builder_version=&#8221;4.25.1&#8243; _module_preset=&#8221;default&#8221; background_color=&#8221;#FFFFFF&#8221; background_enable_image=&#8221;off&#8221; background_size=&#8221;initial&#8221; background_position=&#8221;top_center&#8221; locked=&#8221;off&#8221; global_colors_info=&#8221;{}&#8221;][et_pb_row _builder_version=&#8221;4.27.4&#8243; _module_preset=&#8221;default&#8221; width=&#8221;90%&#8221; global_colors_info=&#8221;{}&#8221;][et_pb_column type=&#8221;4_4&#8243; _builder_version=&#8221;4.16&#8243; _module_preset=&#8221;default&#8221; global_colors_info=&#8221;{}&#8221;][et_pb_text admin_label=&#8221;AVISO LEGAL&#8221; _builder_version=&#8221;4.27.4&#8243; _module_preset=&#8221;default&#8221; text_font=&#8221;Graphik Bold|800|||||||&#8221; text_font_size=&#8221;22px&#8221; custom_padding=&#8221;10px||0px||false|false&#8221; border_width_top=&#8221;5px&#8221; border_color_top=&#8221;#000000&#8243; locked=&#8221;off&#8221; global_colors_info=&#8221;{}&#8221;]<\/p>\n<p>M\u00c8TODES DE PAGAMENT<\/p>\n<p>[\/et_pb_text][et_pb_text _builder_version=&#8221;4.27.4&#8243; _module_preset=&#8221;default&#8221; text_line_height=&#8221;1.4em&#8221; header_2_font_size=&#8221;22px&#8221; custom_margin=&#8221;42px|||||&#8221; inline_fonts=&#8221;Graphik Bold&#8221; global_colors_info=&#8221;{}&#8221;]<\/p>\n<h2><span style=\"font-family: 'Graphik Bold'; font-weight: normal; font-size: large;\">Com comprar?<\/span><\/h2>\n<p>Per comprar a la nostra botiga en l\u00ednia pilma.com, nom\u00e9s has de triar els articles que t&#8217;interessin, afegir-los a la cistella prement el bot\u00f3 [Afegir a la cistella], emplenar les teves dades i tramitar la comanda, emprant el m\u00e8tode de pagament que prefereixis i escollint si vols rebre la compra a casa o recollir-la a la botiga.<\/p>\n<p>pilma.com, amb C.I.F. A59396861, realitza la venda i distribuci\u00f3 dels productes oferts en aquest servei de botiga en l\u00ednia.<\/p>\n<p>El sistema de compra se sotmet a la legislaci\u00f3 vigent a Espanya. Per tant, les operacions de venda s&#8217;entendran realitzades al domicili de Pilma Disseny S.A.U. (d&#8217;ara endavant Pilma), al carrer Val\u00e8ncia, n\u00famero 20, codi postal 08015, Barcelona, Tel: 932 262 069, Fax: 932 262 353<\/p>\n<p>La botiga en l\u00ednia de Pilma.com ofereix una \u00e0mplia selecci\u00f3 de productes que s&#8217;envien exclusivament dins del territori de l&#8217;estat espanyol, excepte Can\u00e0ries, Ceuta i Melilla.<\/p>\n<p>Qualsevol usuari que pugui estar interessat en la compra d&#8217;algun dels articles de la botiga en l\u00ednia i no es trobi en la situaci\u00f3 descrita en el punt anterior, haur\u00e0 de contactar amb nosaltres mitjan\u00e7ant el formulari, on l&#8217;informarem de les opcions existents per realitzar la compra.<\/p>\n<p>Els productes oferts en aquest servei estan dirigits a consumidors finals.<\/p>\n<p>&nbsp;<\/p>\n<p><span style=\"text-decoration: underline; font-family: 'Graphik Bold'; font-weight: normal; font-size: large;\"><br \/>Formes de pagament<\/span><\/p>\n<h2><span style=\"font-family: 'Graphik Bold'; font-weight: normal; font-size: large;\">Targeta de d\u00e8bit o cr\u00e8dit<\/span><\/h2>\n<p>L\u2019empresa permet el pagament amb targetes de cr\u00e8dit securitzades, incloent <strong>Visa, Mastercard, American Express i UnionPay<\/strong>, mitjan\u00e7ant la plataforma digital <strong>RedSys<\/strong>. Aquest m\u00e8tode de pagament \u00e9s completament segur i utilitza tecnologies d\u2019encriptaci\u00f3 avan\u00e7ades per protegir la informaci\u00f3 de les teves transaccions. <strong>No s\u2019emmagatzemen les dades de la teva targeta als nostres servidors<\/strong>. La transacci\u00f3 ser\u00e0 processada de forma immediata i la comanda comen\u00e7ar\u00e0 a gestionar-se tan aviat com es confirmi el pagament.<\/p>\n<p><span style=\"font-family: 'Graphik Bold'; font-weight: normal; font-size: large;\">Transfer\u00e8ncia banc\u00e0ria<\/span><\/p>\n<p>Tamb\u00e9 pots optar per fer el pagament mitjan\u00e7ant <strong>transfer\u00e8ncia banc\u00e0ria<\/strong>. Un cop haguem rebut el pagament, es comen\u00e7ar\u00e0 a processar la teva comanda. Tens un termini de <strong>7 dies h\u00e0bils<\/strong> per fer la transfer\u00e8ncia des del moment de la compra. En cas que no rebem la transfer\u00e8ncia dins aquest termini, la comanda ser\u00e0 cancel\u00b7lada autom\u00e0ticament. Les dades banc\u00e0ries per fer la transfer\u00e8ncia seran enviades al finalitzar la compra. Tingues en compte que les transfer\u00e8ncies poden trigar entre <strong>1 i 3 dies h\u00e0bils<\/strong> a processar-se, segons el banc emissor.<\/p>\n<h2><span style=\"font-family: 'Graphik Bold'; font-weight: normal; font-size: large;\">PayPal<\/span><\/h2>\n<p>Oferim l\u2019opci\u00f3 de pagar mitjan\u00e7ant <strong>PayPal<\/strong>, un dels m\u00e8todes de pagament en l\u00ednia m\u00e9s segurs i c\u00f2modes. Si ja tens un compte PayPal, pots fer el pagament de forma r\u00e0pida i directa, utilitzant el saldo del teu compte o associant-hi la teva targeta de cr\u00e8dit o d\u00e8bit. En cas de no tenir-ne, tamb\u00e9 pots pagar com a convidat amb la teva targeta.<\/p>\n<p>A m\u00e9s, PayPal ofereix l\u2019opci\u00f3 de finan\u00e7ar la teva compra <strong>sense interessos<\/strong> en terminis de <strong>3 mesos per imports entre 30\u20ac i 2.000\u20ac<\/strong>. Aquesta opci\u00f3 de finan\u00e7ament \u00e9s al 0% TAE, la qual cosa vol dir que no haur\u00e0s de pagar interessos addicionals durant aquest per\u00edode. Per accedir a aquesta opci\u00f3, nom\u00e9s cal ser titular d\u2019un compte PayPal i estar registrat al sistema de finan\u00e7ament de PayPal.<\/p>\n<p>Les transaccions fetes amb PayPal estan protegides pels sistemes de seguretat de PayPal, i no compartim les teves dades banc\u00e0ries ni de targeta amb nosaltres. Un cop confirmat el pagament, la teva comanda ser\u00e0 processada immediatament.<\/p>\n<h2><span style=\"font-family: 'Graphik Bold'; font-weight: normal; font-size: large;\">Finan\u00e7ament amb Banc Sabadell &#8211; Instant Credit<\/span><\/h2>\n<p>L\u2019empresa ofereix l\u2019opci\u00f3 de finan\u00e7ar la teva compra mitjan\u00e7ant el servei <strong>Instant Credit<\/strong> de <strong>Banc Sabadell<\/strong>. Aquest sistema permet finan\u00e7ar les teves compres en terminis de fins a <strong>24 mesos<\/strong> per imports entre <strong>200\u20ac i 2.500\u20ac<\/strong>, amb aprovaci\u00f3 instant\u00e0nia. Si l\u2019import de la teva compra \u00e9s superior a 2.500\u20ac i fins a 4.000\u20ac, es requerir\u00e0 presentar documentaci\u00f3 addicional per completar la sol\u00b7licitud. Un cop haguem rebut l\u2019<strong>aprovaci\u00f3 del cr\u00e8dit<\/strong> per part de <strong>Sabadell Consumer<\/strong>, procedirem amb la preparaci\u00f3 i enviament de la teva comanda. <strong>Aquest proc\u00e9s est\u00e0 subjecte a l\u2019aprovaci\u00f3 del banc i a l\u2019avaluaci\u00f3 del risc creditici del client<\/strong>. Tingues en compte que aquest tipus de pagament pot comportar <strong>costos addicionals pels interessos<\/strong> segons el termini de finan\u00e7ament escollit.<\/p>\n<p><span style=\"text-decoration: underline;\"><strong>Informaci\u00f3 addicional sobre pagaments<\/strong><\/span><\/p>\n<ul>\n<li><strong>Seguretat en les transaccions<\/strong>: Tots els nostres m\u00e8todes de pagament compten amb mesures de seguretat avan\u00e7ades per protegir la teva informaci\u00f3 personal i financera. En el cas de pagaments amb targeta de cr\u00e8dit, utilitzem <strong>tecnologia de xifratge SSL<\/strong> (Secure Sockets Layer) per garantir que les teves dades estiguin protegides durant la transacci\u00f3.<\/li>\n<li><strong>Facturaci\u00f3<\/strong>: Els preus mostrats al nostre web s\u00f3n els <strong>preus finals<\/strong> i inclouen impostos, per\u00f2 <strong>no inclouen les possibles despeses d&#8217;enviament<\/strong>, que es calculen en el moment de la compra.<\/li>\n<li><strong>Problemes amb el pagament<\/strong>: Si experimentes algun problema durant el proc\u00e9s de pagament, si us plau, contacta amb el nostre servei d\u2019atenci\u00f3 al client. Estarem encantats d\u2019ajudar-te a resoldre qualsevol inconvenient.<\/li>\n<\/ul>\n<p>&nbsp;<\/p>\n<h2><span style=\"font-family: 'Graphik Bold'; font-weight: normal; font-size: large;\"><br \/>Informaci\u00f3 sobre els productes<\/span><\/h2>\n<p>Les fotografies, representacions gr\u00e0fiques i iconogr\u00e0fiques i v\u00eddeos relatius als productes de Pilma, aix\u00ed com les mesures, descripcions, colors, noms comercials, marques o signes distintius de qualsevol tipus continguts a Pilma.com, tenen per objecte aportar la m\u00e0xima informaci\u00f3, per\u00f2 l\u2019usuari ha de tenir en compte que tenen una finalitat orientativa i, en conseq\u00fc\u00e8ncia, no tenen car\u00e0cter exhaustiu.<\/p>\n<p>Pilma es reserva el dret a decidir, en cada moment, els productes oferts als usuaris a trav\u00e9s del portal. Aix\u00ed, Pilma podr\u00e0 en qualsevol moment afegir nous productes o retirar els existents. Aix\u00ed mateix, Pilma es reserva el dret a deixar de facilitar l\u2019acc\u00e9s, en qualsevol moment i sense av\u00eds previ, a qualsevol dels productes oferts al portal, amb l\u2019\u00fanica finalitat d\u2019aportar millores al nostre web.<\/p>\n<p>En el cas que, per circumst\u00e0ncies de for\u00e7a major, un producte no estigui disponible despr\u00e9s d\u2019haver-se realitzat la sol\u00b7licitud, Pilma informar\u00e0 l&#8217;usuari per correu electr\u00f2nic de l&#8217;anul\u00b7laci\u00f3 total o, si escau, parcial de la comanda, i procedir\u00e0 a la devoluci\u00f3 de l&#8217;import corresponent, sense que tal acci\u00f3 atorgui dret a indemnitzaci\u00f3 alguna.<\/p>\n<p>[\/et_pb_text][\/et_pb_column][\/et_pb_row][\/et_pb_section]<\/p>\n","protected":false},"excerpt":{"rendered":"<p>M\u00c8TODES DE PAGAMENTCom comprar? Per comprar a la nostra botiga en l\u00ednia pilma.com, nom\u00e9s has de triar els articles que t&#8217;interessin, afegir-los a la cistella prement el bot\u00f3 [Afegir a la cistella], emplenar les teves dades i tramitar la comanda, emprant el m\u00e8tode de pagament que prefereixis i escollint si vols rebre la compra a casa o recollir-la a la botiga. pilma.com, amb C.I.F. A59396861, realitza la venda i distribuci\u00f3 dels productes oferts en aquest servei de botiga en l\u00ednia. El sistema de compra se sotmet a la legislaci\u00f3 vigent a Espanya. Per tant, les operacions de venda s&#8217;entendran realitzades al domicili de Pilma Disseny S.A.U. (d&#8217;ara endavant Pilma), al carrer Val\u00e8ncia, n\u00famero 20, codi postal 08015, Barcelona, Tel: 932 262 069, Fax: 932 262 353 La botiga en l\u00ednia de Pilma.com ofereix una \u00e0mplia selecci\u00f3 de productes que s&#8217;envien exclusivament dins del territori de l&#8217;estat espanyol, excepte Can\u00e0ries, Ceuta i Melilla. Qualsevol usuari que pugui estar interessat en la compra d&#8217;algun dels articles de la botiga en l\u00ednia i no es trobi en la situaci\u00f3 descrita en el punt anterior, haur\u00e0 de contactar amb nosaltres mitjan\u00e7ant el formulari, on l&#8217;informarem de les opcions existents per realitzar la compra. Els [&hellip;]<\/p>\n","protected":false},"author":24045,"featured_media":0,"parent":0,"menu_order":0,"comment_status":"closed","ping_status":"closed","template":"","meta":{"_acf_changed":false,"_et_pb_use_builder":"on","_et_pb_old_content":"","_et_gb_content_width":"","footnotes":""},"class_list":["post-83558","page","type-page","status-publish","hentry"],"acf":[],"yoast_head":"<!-- This site is optimized with the Yoast SEO plugin v27.3 - https:\/\/yoast.com\/product\/yoast-seo-wordpress\/ -->\n<title>M\u00e8todes de pagament I Pilma - Mobles de disseny i decoraci\u00f3 d&#039;interiors<\/title>\n<meta name=\"robots\" content=\"index, follow, max-snippet:-1, max-image-preview:large, max-video-preview:-1\" \/>\n<link rel=\"canonical\" href=\"https:\/\/pilma.com\/ca\/metodes-de-pagament\/\" \/>\n<meta property=\"og:locale\" content=\"ca_ES\" \/>\n<meta property=\"og:type\" content=\"article\" \/>\n<meta property=\"og:title\" content=\"M\u00e8todes de pagament I Pilma - Mobles de disseny i decoraci\u00f3 d&#039;interiors\" \/>\n<meta property=\"og:description\" content=\"M\u00c8TODES DE PAGAMENTCom comprar? Per comprar a la nostra botiga en l\u00ednia pilma.com, nom\u00e9s has de triar els articles que t&#039;interessin, afegir-los a la cistella prement el bot\u00f3 [Afegir a la cistella], emplenar les teves dades i tramitar la comanda, emprant el m\u00e8tode de pagament que prefereixis i escollint si vols rebre la compra a casa o recollir-la a la botiga. pilma.com, amb C.I.F. A59396861, realitza la venda i distribuci\u00f3 dels productes oferts en aquest servei de botiga en l\u00ednia. El sistema de compra se sotmet a la legislaci\u00f3 vigent a Espanya. Per tant, les operacions de venda s&#039;entendran realitzades al domicili de Pilma Disseny S.A.U. (d&#039;ara endavant Pilma), al carrer Val\u00e8ncia, n\u00famero 20, codi postal 08015, Barcelona, Tel: 932 262 069, Fax: 932 262 353 La botiga en l\u00ednia de Pilma.com ofereix una \u00e0mplia selecci\u00f3 de productes que s&#039;envien exclusivament dins del territori de l&#039;estat espanyol, excepte Can\u00e0ries, Ceuta i Melilla. Qualsevol usuari que pugui estar interessat en la compra d&#039;algun dels articles de la botiga en l\u00ednia i no es trobi en la situaci\u00f3 descrita en el punt anterior, haur\u00e0 de contactar amb nosaltres mitjan\u00e7ant el formulari, on l&#039;informarem de les opcions existents per realitzar la compra. Els [&hellip;]\" \/>\n<meta property=\"og:url\" content=\"https:\/\/pilma.com\/ca\/metodes-de-pagament\/\" \/>\n<meta property=\"og:site_name\" content=\"Pilma - Mobles de disseny i decoraci\u00f3 d&#039;interiors\" \/>\n<meta property=\"article:publisher\" content=\"https:\/\/www.facebook.com\/Pilma.es\/\" \/>\n<meta property=\"article:modified_time\" content=\"2025-06-20T09:55:30+00:00\" \/>\n<meta name=\"twitter:card\" content=\"summary_large_image\" \/>\n<meta name=\"twitter:site\" content=\"@pilma_es\" \/>\n<meta name=\"twitter:label1\" content=\"Temps estimat de lectura\" \/>\n\t<meta name=\"twitter:data1\" content=\"5 minuts\" \/>\n<script type=\"application\/ld+json\" class=\"yoast-schema-graph\">{\"@context\":\"https:\\\/\\\/schema.org\",\"@graph\":[{\"@type\":\"WebPage\",\"@id\":\"https:\\\/\\\/pilma.com\\\/ca\\\/metodes-de-pagament\\\/\",\"url\":\"https:\\\/\\\/pilma.com\\\/ca\\\/metodes-de-pagament\\\/\",\"name\":\"M\u00e8todes de pagament I Pilma - Mobles de disseny i decoraci\u00f3 d'interiors\",\"isPartOf\":{\"@id\":\"https:\\\/\\\/pilma.com\\\/ca\\\/#website\"},\"datePublished\":\"2025-06-20T09:17:19+00:00\",\"dateModified\":\"2025-06-20T09:55:30+00:00\",\"breadcrumb\":{\"@id\":\"https:\\\/\\\/pilma.com\\\/ca\\\/metodes-de-pagament\\\/#breadcrumb\"},\"inLanguage\":\"ca\",\"potentialAction\":[{\"@type\":\"ReadAction\",\"target\":[\"https:\\\/\\\/pilma.com\\\/ca\\\/metodes-de-pagament\\\/\"]}]},{\"@type\":\"BreadcrumbList\",\"@id\":\"https:\\\/\\\/pilma.com\\\/ca\\\/metodes-de-pagament\\\/#breadcrumb\",\"itemListElement\":[{\"@type\":\"ListItem\",\"position\":1,\"name\":\"Home\",\"item\":\"https:\\\/\\\/pilma.com\\\/ca\\\/\"},{\"@type\":\"ListItem\",\"position\":2,\"name\":\"M\u00e8todes de pagament\"}]},{\"@type\":\"WebSite\",\"@id\":\"https:\\\/\\\/pilma.com\\\/ca\\\/#website\",\"url\":\"https:\\\/\\\/pilma.com\\\/ca\\\/\",\"name\":\"Pilma - Mobles de disseny i decoraci\u00f3 d'interiors\",\"description\":\"Pilma - Mobles de disseny i decoraci\u00f3 d'interiors\",\"publisher\":{\"@id\":\"https:\\\/\\\/pilma.com\\\/ca\\\/#organization\"},\"potentialAction\":[{\"@type\":\"SearchAction\",\"target\":{\"@type\":\"EntryPoint\",\"urlTemplate\":\"https:\\\/\\\/pilma.com\\\/ca\\\/?s={search_term_string}\"},\"query-input\":{\"@type\":\"PropertyValueSpecification\",\"valueRequired\":true,\"valueName\":\"search_term_string\"}}],\"inLanguage\":\"ca\"},{\"@type\":\"Organization\",\"@id\":\"https:\\\/\\\/pilma.com\\\/ca\\\/#organization\",\"name\":\"Pilma\",\"url\":\"https:\\\/\\\/pilma.com\\\/ca\\\/\",\"logo\":{\"@type\":\"ImageObject\",\"inLanguage\":\"ca\",\"@id\":\"https:\\\/\\\/pilma.com\\\/ca\\\/#\\\/schema\\\/logo\\\/image\\\/\",\"url\":\"https:\\\/\\\/pilma.com\\\/wp-content\\\/uploads\\\/2025\\\/11\\\/Pilma-512x512-1.png\",\"contentUrl\":\"https:\\\/\\\/pilma.com\\\/wp-content\\\/uploads\\\/2025\\\/11\\\/Pilma-512x512-1.png\",\"width\":512,\"height\":512,\"caption\":\"Pilma\"},\"image\":{\"@id\":\"https:\\\/\\\/pilma.com\\\/ca\\\/#\\\/schema\\\/logo\\\/image\\\/\"},\"sameAs\":[\"https:\\\/\\\/www.facebook.com\\\/Pilma.es\\\/\",\"https:\\\/\\\/x.com\\\/pilma_es\",\"https:\\\/\\\/www.instagram.com\\\/pilma.es\\\/\",\"https:\\\/\\\/es.linkedin.com\\\/company\\\/pilma-es\\\/\",\"https:\\\/\\\/www.pinterest.es\\\/pilma_es\\\/\"]}]}<\/script>\n<!-- \/ Yoast SEO plugin. -->","yoast_head_json":{"title":"M\u00e8todes de pagament I Pilma - Mobles de disseny i decoraci\u00f3 d'interiors","robots":{"index":"index","follow":"follow","max-snippet":"max-snippet:-1","max-image-preview":"max-image-preview:large","max-video-preview":"max-video-preview:-1"},"canonical":"https:\/\/pilma.com\/ca\/metodes-de-pagament\/","og_locale":"ca_ES","og_type":"article","og_title":"M\u00e8todes de pagament I Pilma - Mobles de disseny i decoraci\u00f3 d'interiors","og_description":"M\u00c8TODES DE PAGAMENTCom comprar? Per comprar a la nostra botiga en l\u00ednia pilma.com, nom\u00e9s has de triar els articles que t'interessin, afegir-los a la cistella prement el bot\u00f3 [Afegir a la cistella], emplenar les teves dades i tramitar la comanda, emprant el m\u00e8tode de pagament que prefereixis i escollint si vols rebre la compra a casa o recollir-la a la botiga. pilma.com, amb C.I.F. A59396861, realitza la venda i distribuci\u00f3 dels productes oferts en aquest servei de botiga en l\u00ednia. El sistema de compra se sotmet a la legislaci\u00f3 vigent a Espanya. Per tant, les operacions de venda s'entendran realitzades al domicili de Pilma Disseny S.A.U. (d'ara endavant Pilma), al carrer Val\u00e8ncia, n\u00famero 20, codi postal 08015, Barcelona, Tel: 932 262 069, Fax: 932 262 353 La botiga en l\u00ednia de Pilma.com ofereix una \u00e0mplia selecci\u00f3 de productes que s'envien exclusivament dins del territori de l'estat espanyol, excepte Can\u00e0ries, Ceuta i Melilla. Qualsevol usuari que pugui estar interessat en la compra d'algun dels articles de la botiga en l\u00ednia i no es trobi en la situaci\u00f3 descrita en el punt anterior, haur\u00e0 de contactar amb nosaltres mitjan\u00e7ant el formulari, on l'informarem de les opcions existents per realitzar la compra. Els [&hellip;]","og_url":"https:\/\/pilma.com\/ca\/metodes-de-pagament\/","og_site_name":"Pilma - Mobles de disseny i decoraci\u00f3 d'interiors","article_publisher":"https:\/\/www.facebook.com\/Pilma.es\/","article_modified_time":"2025-06-20T09:55:30+00:00","twitter_card":"summary_large_image","twitter_site":"@pilma_es","twitter_misc":{"Temps estimat de lectura":"5 minuts"},"schema":{"@context":"https:\/\/schema.org","@graph":[{"@type":"WebPage","@id":"https:\/\/pilma.com\/ca\/metodes-de-pagament\/","url":"https:\/\/pilma.com\/ca\/metodes-de-pagament\/","name":"M\u00e8todes de pagament I Pilma - Mobles de disseny i decoraci\u00f3 d'interiors","isPartOf":{"@id":"https:\/\/pilma.com\/ca\/#website"},"datePublished":"2025-06-20T09:17:19+00:00","dateModified":"2025-06-20T09:55:30+00:00","breadcrumb":{"@id":"https:\/\/pilma.com\/ca\/metodes-de-pagament\/#breadcrumb"},"inLanguage":"ca","potentialAction":[{"@type":"ReadAction","target":["https:\/\/pilma.com\/ca\/metodes-de-pagament\/"]}]},{"@type":"BreadcrumbList","@id":"https:\/\/pilma.com\/ca\/metodes-de-pagament\/#breadcrumb","itemListElement":[{"@type":"ListItem","position":1,"name":"Home","item":"https:\/\/pilma.com\/ca\/"},{"@type":"ListItem","position":2,"name":"M\u00e8todes de pagament"}]},{"@type":"WebSite","@id":"https:\/\/pilma.com\/ca\/#website","url":"https:\/\/pilma.com\/ca\/","name":"Pilma - Mobles de disseny i decoraci\u00f3 d'interiors","description":"Pilma - Mobles de disseny i decoraci\u00f3 d'interiors","publisher":{"@id":"https:\/\/pilma.com\/ca\/#organization"},"potentialAction":[{"@type":"SearchAction","target":{"@type":"EntryPoint","urlTemplate":"https:\/\/pilma.com\/ca\/?s={search_term_string}"},"query-input":{"@type":"PropertyValueSpecification","valueRequired":true,"valueName":"search_term_string"}}],"inLanguage":"ca"},{"@type":"Organization","@id":"https:\/\/pilma.com\/ca\/#organization","name":"Pilma","url":"https:\/\/pilma.com\/ca\/","logo":{"@type":"ImageObject","inLanguage":"ca","@id":"https:\/\/pilma.com\/ca\/#\/schema\/logo\/image\/","url":"https:\/\/pilma.com\/wp-content\/uploads\/2025\/11\/Pilma-512x512-1.png","contentUrl":"https:\/\/pilma.com\/wp-content\/uploads\/2025\/11\/Pilma-512x512-1.png","width":512,"height":512,"caption":"Pilma"},"image":{"@id":"https:\/\/pilma.com\/ca\/#\/schema\/logo\/image\/"},"sameAs":["https:\/\/www.facebook.com\/Pilma.es\/","https:\/\/x.com\/pilma_es","https:\/\/www.instagram.com\/pilma.es\/","https:\/\/es.linkedin.com\/company\/pilma-es\/","https:\/\/www.pinterest.es\/pilma_es\/"]}]}},"_links":{"self":[{"href":"https:\/\/pilma.com\/ca\/wp-json\/wp\/v2\/pages\/83558","targetHints":{"allow":["GET"]}}],"collection":[{"href":"https:\/\/pilma.com\/ca\/wp-json\/wp\/v2\/pages"}],"about":[{"href":"https:\/\/pilma.com\/ca\/wp-json\/wp\/v2\/types\/page"}],"author":[{"embeddable":true,"href":"https:\/\/pilma.com\/ca\/wp-json\/wp\/v2\/users\/24045"}],"replies":[{"embeddable":true,"href":"https:\/\/pilma.com\/ca\/wp-json\/wp\/v2\/comments?post=83558"}],"version-history":[{"count":0,"href":"https:\/\/pilma.com\/ca\/wp-json\/wp\/v2\/pages\/83558\/revisions"}],"wp:attachment":[{"href":"https:\/\/pilma.com\/ca\/wp-json\/wp\/v2\/media?parent=83558"}],"curies":[{"name":"wp","href":"https:\/\/api.w.org\/{rel}","templated":true}]}}