{"id":80558,"date":"2025-05-28T11:49:04","date_gmt":"2025-05-28T09:49:04","guid":{"rendered":"https:\/\/pilma.com\/pilma-outlet-fins-al-70-en-mobles-de-disseny-nomes-aquest-juny-fins-a-liquidar-estocs\/"},"modified":"2025-05-30T09:28:12","modified_gmt":"2025-05-30T07:28:12","slug":"outlet-pilma-descomptes-en-mobles-de-disseny-liquidacio-estocs","status":"publish","type":"page","link":"https:\/\/pilma.com\/ca\/outlet-pilma-descomptes-en-mobles-de-disseny-liquidacio-estocs\/","title":{"rendered":"Pilma Outlet: fins al -70% en mobles de disseny nom\u00e9s aquest juny fins a liquidar estocs"},"content":{"rendered":"<p>[et_pb_section fb_built=&#8221;1&#8243; admin_label=&#8221;HEADER&#8221; _builder_version=&#8221;4.27.4&#8243; _module_preset=&#8221;default&#8221; background_enable_image=&#8221;off&#8221; height_last_edited=&#8221;off|tablet&#8221; custom_margin=&#8221;||0px||false|false&#8221; custom_padding=&#8221;||0px||false|false&#8221; background_last_edited=&#8221;off|desktop&#8221; background_enable_image_tablet=&#8221;off&#8221; background_enable_image_phone=&#8221;off&#8221; locked=&#8221;off&#8221; global_colors_info=&#8221;{}&#8221;][et_pb_row _builder_version=&#8221;4.27.4&#8243; _module_preset=&#8221;default&#8221; background_enable_image=&#8221;off&#8221; width=&#8221;35%&#8221; width_tablet=&#8221;100%&#8221; width_phone=&#8221;100%&#8221; width_last_edited=&#8221;on|phone&#8221; module_alignment=&#8221;center&#8221; custom_margin=&#8221;0px||40px||false|false&#8221; custom_margin_tablet=&#8221;-20px||0px||false|false&#8221; custom_margin_phone=&#8221;0px||0px||false|false&#8221; custom_margin_last_edited=&#8221;on|desktop&#8221; custom_padding=&#8221;||40px||false|false&#8221; hover_enabled=&#8221;0&#8243; background_last_edited=&#8221;on|phone&#8221; background_enable_image_tablet=&#8221;off&#8221; background_enable_image_phone=&#8221;off&#8221; locked=&#8221;off&#8221; global_colors_info=&#8221;{}&#8221; sticky_enabled=&#8221;0&#8243;][et_pb_column type=&#8221;4_4&#8243; _builder_version=&#8221;4.25.1&#8243; _module_preset=&#8221;default&#8221; global_colors_info=&#8221;{}&#8221;][et_pb_text content_last_edited=&#8221;off|desktop&#8221; admin_label=&#8221;T\u00edtulo&#8221; _builder_version=&#8221;4.27.4&#8243; _module_preset=&#8221;default&#8221; text_font=&#8221;&#8211;et_global_body_font|500|||||||&#8221; text_text_color=&#8221;#000000&#8243; text_line_height=&#8221;1.4em&#8221; header_font=&#8221;Graphik Bold||||||||&#8221; header_text_align=&#8221;center&#8221; header_text_color=&#8221;#000000&#8243; header_font_size=&#8221;24px&#8221; header_line_height=&#8221;1.2em&#8221; text_orientation=&#8221;center&#8221; background_layout=&#8221;dark&#8221; width=&#8221;100%&#8221; width_tablet=&#8221;80%&#8221; width_phone=&#8221;90%&#8221; width_last_edited=&#8221;on|phone&#8221; module_alignment=&#8221;center&#8221; custom_margin=&#8221;0px||0px||false|false&#8221; custom_margin_tablet=&#8221;||0px||false|false&#8221; custom_margin_phone=&#8221;0px||0px||false|false&#8221; custom_margin_last_edited=&#8221;on|phone&#8221; custom_padding=&#8221;||1px||false|false&#8221; text_font_size_tablet=&#8221;20px&#8221; text_font_size_phone=&#8221;16px&#8221; text_font_size_last_edited=&#8221;off|desktop&#8221; text_line_height_tablet=&#8221;1em&#8221; text_line_height_phone=&#8221;1.4em&#8221; text_line_height_last_edited=&#8221;off|desktop&#8221; header_font_size_tablet=&#8221;24px&#8221; header_font_size_phone=&#8221;24px&#8221; header_font_size_last_edited=&#8221;on|desktop&#8221; locked=&#8221;off&#8221; inline_fonts=&#8221;Arial,Graphik regular&#8221; global_colors_info=&#8221;{}&#8221;]<\/p>\n<p><span style=\"display: block; font-size: 18px; margin-bottom: 20px;\">PILMA OUTLET BARCELONA<\/span><\/p>\n<p><\/p>\n<h1>Fins al -70% en mobles de disseny per liquidaci\u00f3 d&#8217;estocs<\/h1>\n<p>[\/et_pb_text][\/et_pb_column][\/et_pb_row][et_pb_row admin_label=&#8221;VIDEO&#8221; module_id=&#8221;coleccion-teide&#8221; _builder_version=&#8221;4.27.4&#8243; _module_preset=&#8221;default&#8221; background_enable_image=&#8221;off&#8221; background_video_mp4=&#8221;https:\/\/player.vimeo.com\/progressive_redirect\/playback\/1086068591\/rendition\/1080p\/file.mp4?loc=external&amp;signature=37109a4a060fb2f3fa6257a8c9550c6d0c9a015e49294948ee4300bfb7f0f440&#8243; background_enable_video_webm=&#8221;off&#8221; background_video_width=&#8221;1920&#8243; background_video_height=&#8221;1080&#8243; width=&#8221;50%&#8221; width_tablet=&#8221;50%&#8221; width_phone=&#8221;100%&#8221; width_last_edited=&#8221;on|phone&#8221; module_alignment=&#8221;center&#8221; height=&#8221;46.25vw&#8221; height_tablet=&#8221;100vw&#8221; height_phone=&#8221;177vw&#8221; height_last_edited=&#8221;on|desktop&#8221; custom_margin=&#8221;0px||0px||false|false&#8221; custom_margin_tablet=&#8221;-20px||0px||false|false&#8221; custom_margin_phone=&#8221;0px||0px||false|false&#8221; custom_margin_last_edited=&#8221;on|desktop&#8221; custom_padding=&#8221;0px||0px||false|false&#8221; background_last_edited=&#8221;on|desktop&#8221; locked=&#8221;off&#8221; global_colors_info=&#8221;{}&#8221;][et_pb_column type=&#8221;4_4&#8243; _builder_version=&#8221;4.27.4&#8243; _module_preset=&#8221;default&#8221; global_colors_info=&#8221;{}&#8221;][\/et_pb_column][\/et_pb_row][et_pb_row admin_label=&#8221;INTRO&#8221; _builder_version=&#8221;4.27.4&#8243; _module_preset=&#8221;default&#8221; width=&#8221;45%&#8221; width_tablet=&#8221;88%&#8221; width_phone=&#8221;90%&#8221; width_last_edited=&#8221;on|phone&#8221; module_alignment=&#8221;center&#8221; custom_margin=&#8221;0px||0px||false|false&#8221; custom_margin_tablet=&#8221;0px||0px||false|false&#8221; custom_margin_phone=&#8221;0px||0px||false|false&#8221; custom_margin_last_edited=&#8221;on|phone&#8221; custom_padding=&#8221;80px||40px||false|false&#8221; locked=&#8221;off&#8221; global_colors_info=&#8221;{}&#8221;][et_pb_column type=&#8221;4_4&#8243; _builder_version=&#8221;4.27.3&#8243; _module_preset=&#8221;default&#8221; global_colors_info=&#8221;{}&#8221;][et_pb_text content_tablet=&#8221;<\/p>\n<p>Aquest mes de juny, a Pilma Outlet de Barcelona pots emportar-te peces \u00faniques amb un <span style=%22font-family: &apos;Graphik Bold&apos;;%22><strong>descompte de fins al 70%<\/strong><\/span> fins a fi d&apos;exist\u00e8ncies<\/p>\n<p>&#8221; content_phone=&#8221;<\/p>\n<p>Aquest mes de juny, a Pilma Outlet de Barcelona pots emportar-te peces \u00faniques amb un <span style=%22font-family: &apos;Graphik Bold&apos;;%22><strong>descompte de fins al 70%<\/strong><\/span> fins a fi d&apos;exist\u00e8ncies<\/p>\n<p>&#8221; content_last_edited=&#8221;on|phone&#8221; _builder_version=&#8221;4.27.4&#8243; _module_preset=&#8221;default&#8221; text_font=&#8221;Graphik regular||||||||&#8221; text_font_size=&#8221;20px&#8221; text_line_height=&#8221;1.4em&#8221; text_orientation=&#8221;center&#8221; width=&#8221;100%&#8221; width_tablet=&#8221;&#8221; width_phone=&#8221;100%&#8221; width_last_edited=&#8221;on|phone&#8221; module_alignment=&#8221;center&#8221; hover_enabled=&#8221;0&#8243; text_font_size_tablet=&#8221;20px&#8221; text_font_size_phone=&#8221;20px&#8221; text_font_size_last_edited=&#8221;on|phone&#8221; inline_fonts=&#8221;Graphik regular,Graphik Bold&#8221; global_colors_info=&#8221;{}&#8221; sticky_enabled=&#8221;0&#8243;]<\/p>\n<p>Aquest mes de juny, a Pilma Outlet de Barcelona pots emportar-te peces \u00faniques amb un <strong>descompte de fins al <span style=\"font-family: 'Graphik Bold';\">70%<\/span><\/strong>\u00a0fins a fi d&#8217;exist\u00e8ncies<\/p>\n<p>[\/et_pb_text][et_pb_button button_url=&#8221;https:\/\/www.google.com\/maps\/dir\/?api=1&amp;destination=Pilma+Outlet&amp;destination_place_id=0x12a4a382bf8fc81d:0xfdaa0040c2fc7dd4&#8243; url_new_window=&#8221;on&#8221; button_text=&#8221;Com arribar&#8221; button_alignment=&#8221;center&#8221; _builder_version=&#8221;4.27.4&#8243; _module_preset=&#8221;default&#8221; custom_button=&#8221;on&#8221; button_text_size=&#8221;16px&#8221; button_text_color=&#8221;#FFFFFF&#8221; button_bg_color=&#8221;#000000&#8243; button_border_width=&#8221;1px&#8221; button_border_color=&#8221;RGBA(255,255,255,0)&#8221; button_border_radius=&#8221;4px&#8221; button_use_icon=&#8221;off&#8221; custom_margin=&#8221;40px||||false|false&#8221; locked=&#8221;off&#8221; global_colors_info=&#8221;{}&#8221; button_bg_color__hover_enabled=&#8221;on|hover&#8221; button_bg_color__hover=&#8221;RGBA(255,255,255,0)&#8221; button_bg_enable_color__hover=&#8221;on&#8221; button_border_width__hover_enabled=&#8221;on|desktop&#8221; button_border_width__hover=&#8221;1px&#8221; button_border_color__hover_enabled=&#8221;on|hover&#8221; button_border_color__hover=&#8221;#000000&#8243; button_text_color__hover_enabled=&#8221;on|hover&#8221; button_text_color__hover=&#8221;#000000&#8243;][\/et_pb_button][\/et_pb_column][\/et_pb_row][et_pb_row _builder_version=&#8221;4.27.4&#8243; _module_preset=&#8221;default&#8221; width_tablet=&#8221;&#8221; width_phone=&#8221;90%&#8221; width_last_edited=&#8221;on|phone&#8221; module_alignment=&#8221;center&#8221; custom_margin=&#8221;0px||40px||false|false&#8221; custom_padding=&#8221;0px||40px||false|false&#8221; locked=&#8221;off&#8221; global_colors_info=&#8221;{}&#8221;][et_pb_column type=&#8221;4_4&#8243; _builder_version=&#8221;4.27.0&#8243; _module_preset=&#8221;default&#8221; global_colors_info=&#8221;{}&#8221;][et_pb_text content_tablet=&#8221;<\/p>\n<h2><strong><span style=%22font-family: &apos;Graphik extralight&apos;; font-size: large;%22>OUTLET DE MOBLES DE DISSENY<\/span><\/strong><\/h2>\n<p>Una oportunitat excepcional per fer-te amb mobles de disseny de Pilma \u2014d\u2019exposici\u00f3, de col\u00b7leccions descatalogades o col\u00b7leccions exclusives de l\u2019outlet\u2014 a preus que no tornaran i fins a esgotar exist\u00e8ncies.<\/p>\n<p>&#8221; content_phone=&#8221;<\/p>\n<h2><strong><span style=%22font-family: &apos;Graphik extralight&apos;; font-size: large;%22>OUTLET DE MOBLES DE DISSENY<\/span><\/strong><\/h2>\n<p>Una oportunitat excepcional per fer-te amb mobles de disseny de Pilma \u2014d\u2019exposici\u00f3, de col\u00b7leccions descatalogades o col\u00b7leccions exclusives de l\u2019outlet\u2014 a preus que no tornaran i fins a esgotar exist\u00e8ncies.<\/p>\n<p>&#8221; content_last_edited=&#8221;on|phone&#8221; _builder_version=&#8221;4.27.4&#8243; _module_preset=&#8221;default&#8221; text_font=&#8221;Graphik regular||||||||&#8221; text_font_size=&#8221;20px&#8221; text_line_height=&#8221;1.4em&#8221; link_font=&#8221;||||on||||&#8221; header_3_line_height=&#8221;1.2em&#8221; text_orientation=&#8221;center&#8221; width=&#8221;55%&#8221; width_tablet=&#8221;&#8221; width_phone=&#8221;&#8221; width_last_edited=&#8221;on|phone&#8221; module_alignment=&#8221;center&#8221; custom_margin=&#8221;40px||||false|false&#8221; custom_padding=&#8221;20px||||false|false&#8221; text_font_size_tablet=&#8221;20px&#8221; text_font_size_phone=&#8221;18px&#8221; text_font_size_last_edited=&#8221;on|phone&#8221; locked=&#8221;off&#8221; inline_fonts=&#8221;Graphik regular,Graphik extralight&#8221; global_colors_info=&#8221;{}&#8221;]<\/p>\n<h2><strong><span style=\"font-family: 'Graphik extralight'; font-size: large;\">OUTLET DE MOBLES DE DISSENY<\/span><\/strong><\/h2>\n<p>Una oportunitat excepcional per fer-te amb mobles de disseny de Pilma \u2014d\u2019exposici\u00f3, de col\u00b7leccions descatalogades o col\u00b7leccions exclusives de l\u2019outlet\u2014 a preus que no tornaran i fins a esgotar exist\u00e8ncies.<\/p>\n<p>[\/et_pb_text][\/et_pb_column][\/et_pb_row][et_pb_row _builder_version=&#8221;4.27.4&#8243; _module_preset=&#8221;default&#8221; width_tablet=&#8221;&#8221; width_phone=&#8221;90%&#8221; width_last_edited=&#8221;on|phone&#8221; module_alignment=&#8221;center&#8221; custom_margin=&#8221;0px||40px||false|false&#8221; custom_padding=&#8221;0px||40px||false|false&#8221; locked=&#8221;off&#8221; global_colors_info=&#8221;{}&#8221;][et_pb_column type=&#8221;4_4&#8243; _builder_version=&#8221;4.27.0&#8243; _module_preset=&#8221;default&#8221; global_colors_info=&#8221;{}&#8221;][et_pb_image src=&#8221;https:\/\/pilma.com\/wp-content\/uploads\/2025\/05\/Localizacion.jpg&#8221; title_text=&#8221;Localizaci\u00f3n&#8221; show_bottom_space=&#8221;off&#8221; align=&#8221;center&#8221; _builder_version=&#8221;4.27.4&#8243; _module_preset=&#8221;default&#8221; module_alignment=&#8221;center&#8221; height=&#8221;70px&#8221; custom_margin=&#8221;||20px||false|false&#8221; global_colors_info=&#8221;{}&#8221;][\/et_pb_image][et_pb_text _builder_version=&#8221;4.27.4&#8243; _module_preset=&#8221;default&#8221; text_font=&#8221;Graphik regular||||||||&#8221; text_font_size=&#8221;20px&#8221; text_line_height=&#8221;1.4em&#8221; text_orientation=&#8221;center&#8221; width_tablet=&#8221;&#8221; width_phone=&#8221;&#8221; width_last_edited=&#8221;on|phone&#8221; module_alignment=&#8221;center&#8221; text_font_size_tablet=&#8221;20px&#8221; text_font_size_phone=&#8221;18px&#8221; text_font_size_last_edited=&#8221;on|phone&#8221; inline_fonts=&#8221;Graphik regular,Graphik Bold&#8221; global_colors_info=&#8221;{}&#8221;]<\/p>\n<p><strong><span style=\"font-family: 'Graphik extralight'; font-size: large;\">UBICACI\u00d3<\/span><\/strong><\/p>\n<p><\/p>\n<p>El nostra outlet est\u00e0 en constant renovaci\u00f3, aix\u00ed que cada visita pot sorprendre&#8217;t.<\/p>\n<p><\/p>\n<p><span style=\"font-family: 'Graphik Bold';\">T&#8217;esperem al nostre Outlet: <\/span><br \/><span style=\"font-family: 'Graphik Bold';\">C\/ Llan\u00e7a 33, Barcelona<\/span><\/p>\n<p>[\/et_pb_text][et_pb_button button_url=&#8221;https:\/\/www.google.com\/maps\/dir\/?api=1&amp;destination=Pilma+Outlet&amp;destination_place_id=0x12a4a382bf8fc81d:0xfdaa0040c2fc7dd4&#8243; url_new_window=&#8221;on&#8221; button_text=&#8221;Com arribar&#8221; button_alignment=&#8221;center&#8221; _builder_version=&#8221;4.27.4&#8243; _module_preset=&#8221;default&#8221; custom_button=&#8221;on&#8221; button_text_size=&#8221;16px&#8221; button_text_color=&#8221;#FFFFFF&#8221; button_bg_color=&#8221;#000000&#8243; button_border_width=&#8221;1px&#8221; button_border_color=&#8221;RGBA(255,255,255,0)&#8221; button_border_radius=&#8221;4px&#8221; button_use_icon=&#8221;off&#8221; custom_margin=&#8221;40px||||false|false&#8221; locked=&#8221;off&#8221; global_colors_info=&#8221;{}&#8221; button_bg_color__hover_enabled=&#8221;on|hover&#8221; button_bg_color__hover=&#8221;RGBA(255,255,255,0)&#8221; button_bg_enable_color__hover=&#8221;on&#8221; button_border_width__hover_enabled=&#8221;on|desktop&#8221; button_border_width__hover=&#8221;1px&#8221; button_border_color__hover_enabled=&#8221;on|hover&#8221; button_border_color__hover=&#8221;#000000&#8243; button_text_color__hover_enabled=&#8221;on|hover&#8221; button_text_color__hover=&#8221;#000000&#8243;][\/et_pb_button][\/et_pb_column][\/et_pb_row][\/et_pb_section]<\/p>\n","protected":false},"excerpt":{"rendered":"<p>PILMA OUTLET BARCELONAFins al -70% en mobles de disseny per liquidaci\u00f3 d&#8217;estocsAquest mes de juny, a Pilma Outlet de Barcelona pots emportar-te peces \u00faniques amb un descompte de fins al 70%\u00a0fins a fi d&#8217;exist\u00e8nciesOUTLET DE MOBLES DE DISSENY Una oportunitat excepcional per fer-te amb mobles de disseny de Pilma \u2014d\u2019exposici\u00f3, de col\u00b7leccions descatalogades o col\u00b7leccions exclusives de l\u2019outlet\u2014 a preus que no tornaran i fins a esgotar exist\u00e8ncies.UBICACI\u00d3El nostra outlet est\u00e0 en constant renovaci\u00f3, aix\u00ed que cada visita pot sorprendre&#8217;t.T&#8217;esperem al nostre Outlet: C\/ Llan\u00e7a 33, Barcelona<\/p>\n","protected":false},"author":24045,"featured_media":0,"parent":0,"menu_order":0,"comment_status":"closed","ping_status":"closed","template":"","meta":{"_acf_changed":false,"_et_pb_use_builder":"on","_et_pb_old_content":"","_et_gb_content_width":"","footnotes":""},"class_list":["post-80558","page","type-page","status-publish","hentry"],"acf":[],"yoast_head":"<!-- This site is optimized with the Yoast SEO plugin v27.3 - https:\/\/yoast.com\/product\/yoast-seo-wordpress\/ -->\n<title>Pilma Outlet: fins al -70% en mobles de disseny nom\u00e9s aquest juny fins a liquidar estocs - Pilma - Mobles de disseny i decoraci\u00f3 d&#039;interiors<\/title>\n<meta name=\"robots\" content=\"index, follow, max-snippet:-1, max-image-preview:large, max-video-preview:-1\" \/>\n<link rel=\"canonical\" href=\"https:\/\/pilma.com\/ca\/outlet-pilma-descomptes-en-mobles-de-disseny-liquidacio-estocs\/\" \/>\n<meta property=\"og:locale\" content=\"ca_ES\" \/>\n<meta property=\"og:type\" content=\"article\" \/>\n<meta property=\"og:title\" content=\"Pilma Outlet: fins al -70% en mobles de disseny nom\u00e9s aquest juny fins a liquidar estocs - Pilma - Mobles de disseny i decoraci\u00f3 d&#039;interiors\" \/>\n<meta property=\"og:description\" content=\"PILMA OUTLET BARCELONAFins al -70% en mobles de disseny per liquidaci\u00f3 d&#039;estocsAquest mes de juny, a Pilma Outlet de Barcelona pots emportar-te peces \u00faniques amb un descompte de fins al 70%\u00a0fins a fi d&#039;exist\u00e8nciesOUTLET DE MOBLES DE DISSENY Una oportunitat excepcional per fer-te amb mobles de disseny de Pilma \u2014d\u2019exposici\u00f3, de col\u00b7leccions descatalogades o col\u00b7leccions exclusives de l\u2019outlet\u2014 a preus que no tornaran i fins a esgotar exist\u00e8ncies.UBICACI\u00d3El nostra outlet est\u00e0 en constant renovaci\u00f3, aix\u00ed que cada visita pot sorprendre&#039;t.T&#039;esperem al nostre Outlet: C\/ Llan\u00e7a 33, Barcelona\" \/>\n<meta property=\"og:url\" content=\"https:\/\/pilma.com\/ca\/outlet-pilma-descomptes-en-mobles-de-disseny-liquidacio-estocs\/\" \/>\n<meta property=\"og:site_name\" content=\"Pilma - Mobles de disseny i decoraci\u00f3 d&#039;interiors\" \/>\n<meta property=\"article:publisher\" content=\"https:\/\/www.facebook.com\/Pilma.es\/\" \/>\n<meta property=\"article:modified_time\" content=\"2025-05-30T07:28:12+00:00\" \/>\n<meta name=\"twitter:card\" content=\"summary_large_image\" \/>\n<meta name=\"twitter:site\" content=\"@pilma_es\" \/>\n<meta name=\"twitter:label1\" content=\"Temps estimat de lectura\" \/>\n\t<meta name=\"twitter:data1\" content=\"2 minuts\" \/>\n<script type=\"application\/ld+json\" class=\"yoast-schema-graph\">{\"@context\":\"https:\\\/\\\/schema.org\",\"@graph\":[{\"@type\":\"WebPage\",\"@id\":\"https:\\\/\\\/pilma.com\\\/ca\\\/outlet-pilma-descomptes-en-mobles-de-disseny-liquidacio-estocs\\\/\",\"url\":\"https:\\\/\\\/pilma.com\\\/ca\\\/outlet-pilma-descomptes-en-mobles-de-disseny-liquidacio-estocs\\\/\",\"name\":\"Pilma Outlet: fins al -70% en mobles de disseny nom\u00e9s aquest juny fins a liquidar estocs - Pilma - Mobles de disseny i decoraci\u00f3 d'interiors\",\"isPartOf\":{\"@id\":\"https:\\\/\\\/pilma.com\\\/ca\\\/#website\"},\"datePublished\":\"2025-05-28T09:49:04+00:00\",\"dateModified\":\"2025-05-30T07:28:12+00:00\",\"breadcrumb\":{\"@id\":\"https:\\\/\\\/pilma.com\\\/ca\\\/outlet-pilma-descomptes-en-mobles-de-disseny-liquidacio-estocs\\\/#breadcrumb\"},\"inLanguage\":\"ca\",\"potentialAction\":[{\"@type\":\"ReadAction\",\"target\":[\"https:\\\/\\\/pilma.com\\\/ca\\\/outlet-pilma-descomptes-en-mobles-de-disseny-liquidacio-estocs\\\/\"]}]},{\"@type\":\"BreadcrumbList\",\"@id\":\"https:\\\/\\\/pilma.com\\\/ca\\\/outlet-pilma-descomptes-en-mobles-de-disseny-liquidacio-estocs\\\/#breadcrumb\",\"itemListElement\":[{\"@type\":\"ListItem\",\"position\":1,\"name\":\"Home\",\"item\":\"https:\\\/\\\/pilma.com\\\/ca\\\/\"},{\"@type\":\"ListItem\",\"position\":2,\"name\":\"Pilma Outlet: fins al -70% en mobles de disseny nom\u00e9s aquest juny fins a liquidar estocs\"}]},{\"@type\":\"WebSite\",\"@id\":\"https:\\\/\\\/pilma.com\\\/ca\\\/#website\",\"url\":\"https:\\\/\\\/pilma.com\\\/ca\\\/\",\"name\":\"Pilma - Mobles de disseny i decoraci\u00f3 d'interiors\",\"description\":\"Pilma - Mobles de disseny i decoraci\u00f3 d'interiors\",\"publisher\":{\"@id\":\"https:\\\/\\\/pilma.com\\\/ca\\\/#organization\"},\"potentialAction\":[{\"@type\":\"SearchAction\",\"target\":{\"@type\":\"EntryPoint\",\"urlTemplate\":\"https:\\\/\\\/pilma.com\\\/ca\\\/?s={search_term_string}\"},\"query-input\":{\"@type\":\"PropertyValueSpecification\",\"valueRequired\":true,\"valueName\":\"search_term_string\"}}],\"inLanguage\":\"ca\"},{\"@type\":\"Organization\",\"@id\":\"https:\\\/\\\/pilma.com\\\/ca\\\/#organization\",\"name\":\"Pilma\",\"url\":\"https:\\\/\\\/pilma.com\\\/ca\\\/\",\"logo\":{\"@type\":\"ImageObject\",\"inLanguage\":\"ca\",\"@id\":\"https:\\\/\\\/pilma.com\\\/ca\\\/#\\\/schema\\\/logo\\\/image\\\/\",\"url\":\"https:\\\/\\\/pilma.com\\\/wp-content\\\/uploads\\\/2025\\\/11\\\/Pilma-512x512-1.png\",\"contentUrl\":\"https:\\\/\\\/pilma.com\\\/wp-content\\\/uploads\\\/2025\\\/11\\\/Pilma-512x512-1.png\",\"width\":512,\"height\":512,\"caption\":\"Pilma\"},\"image\":{\"@id\":\"https:\\\/\\\/pilma.com\\\/ca\\\/#\\\/schema\\\/logo\\\/image\\\/\"},\"sameAs\":[\"https:\\\/\\\/www.facebook.com\\\/Pilma.es\\\/\",\"https:\\\/\\\/x.com\\\/pilma_es\",\"https:\\\/\\\/www.instagram.com\\\/pilma.es\\\/\",\"https:\\\/\\\/es.linkedin.com\\\/company\\\/pilma-es\\\/\",\"https:\\\/\\\/www.pinterest.es\\\/pilma_es\\\/\"]}]}<\/script>\n<!-- \/ Yoast SEO plugin. -->","yoast_head_json":{"title":"Pilma Outlet: fins al -70% en mobles de disseny nom\u00e9s aquest juny fins a liquidar estocs - Pilma - Mobles de disseny i decoraci\u00f3 d'interiors","robots":{"index":"index","follow":"follow","max-snippet":"max-snippet:-1","max-image-preview":"max-image-preview:large","max-video-preview":"max-video-preview:-1"},"canonical":"https:\/\/pilma.com\/ca\/outlet-pilma-descomptes-en-mobles-de-disseny-liquidacio-estocs\/","og_locale":"ca_ES","og_type":"article","og_title":"Pilma Outlet: fins al -70% en mobles de disseny nom\u00e9s aquest juny fins a liquidar estocs - Pilma - Mobles de disseny i decoraci\u00f3 d'interiors","og_description":"PILMA OUTLET BARCELONAFins al -70% en mobles de disseny per liquidaci\u00f3 d'estocsAquest mes de juny, a Pilma Outlet de Barcelona pots emportar-te peces \u00faniques amb un descompte de fins al 70%\u00a0fins a fi d'exist\u00e8nciesOUTLET DE MOBLES DE DISSENY Una oportunitat excepcional per fer-te amb mobles de disseny de Pilma \u2014d\u2019exposici\u00f3, de col\u00b7leccions descatalogades o col\u00b7leccions exclusives de l\u2019outlet\u2014 a preus que no tornaran i fins a esgotar exist\u00e8ncies.UBICACI\u00d3El nostra outlet est\u00e0 en constant renovaci\u00f3, aix\u00ed que cada visita pot sorprendre't.T'esperem al nostre Outlet: C\/ Llan\u00e7a 33, Barcelona","og_url":"https:\/\/pilma.com\/ca\/outlet-pilma-descomptes-en-mobles-de-disseny-liquidacio-estocs\/","og_site_name":"Pilma - Mobles de disseny i decoraci\u00f3 d'interiors","article_publisher":"https:\/\/www.facebook.com\/Pilma.es\/","article_modified_time":"2025-05-30T07:28:12+00:00","twitter_card":"summary_large_image","twitter_site":"@pilma_es","twitter_misc":{"Temps estimat de lectura":"2 minuts"},"schema":{"@context":"https:\/\/schema.org","@graph":[{"@type":"WebPage","@id":"https:\/\/pilma.com\/ca\/outlet-pilma-descomptes-en-mobles-de-disseny-liquidacio-estocs\/","url":"https:\/\/pilma.com\/ca\/outlet-pilma-descomptes-en-mobles-de-disseny-liquidacio-estocs\/","name":"Pilma Outlet: fins al -70% en mobles de disseny nom\u00e9s aquest juny fins a liquidar estocs - Pilma - Mobles de disseny i decoraci\u00f3 d'interiors","isPartOf":{"@id":"https:\/\/pilma.com\/ca\/#website"},"datePublished":"2025-05-28T09:49:04+00:00","dateModified":"2025-05-30T07:28:12+00:00","breadcrumb":{"@id":"https:\/\/pilma.com\/ca\/outlet-pilma-descomptes-en-mobles-de-disseny-liquidacio-estocs\/#breadcrumb"},"inLanguage":"ca","potentialAction":[{"@type":"ReadAction","target":["https:\/\/pilma.com\/ca\/outlet-pilma-descomptes-en-mobles-de-disseny-liquidacio-estocs\/"]}]},{"@type":"BreadcrumbList","@id":"https:\/\/pilma.com\/ca\/outlet-pilma-descomptes-en-mobles-de-disseny-liquidacio-estocs\/#breadcrumb","itemListElement":[{"@type":"ListItem","position":1,"name":"Home","item":"https:\/\/pilma.com\/ca\/"},{"@type":"ListItem","position":2,"name":"Pilma Outlet: fins al -70% en mobles de disseny nom\u00e9s aquest juny fins a liquidar estocs"}]},{"@type":"WebSite","@id":"https:\/\/pilma.com\/ca\/#website","url":"https:\/\/pilma.com\/ca\/","name":"Pilma - Mobles de disseny i decoraci\u00f3 d'interiors","description":"Pilma - Mobles de disseny i decoraci\u00f3 d'interiors","publisher":{"@id":"https:\/\/pilma.com\/ca\/#organization"},"potentialAction":[{"@type":"SearchAction","target":{"@type":"EntryPoint","urlTemplate":"https:\/\/pilma.com\/ca\/?s={search_term_string}"},"query-input":{"@type":"PropertyValueSpecification","valueRequired":true,"valueName":"search_term_string"}}],"inLanguage":"ca"},{"@type":"Organization","@id":"https:\/\/pilma.com\/ca\/#organization","name":"Pilma","url":"https:\/\/pilma.com\/ca\/","logo":{"@type":"ImageObject","inLanguage":"ca","@id":"https:\/\/pilma.com\/ca\/#\/schema\/logo\/image\/","url":"https:\/\/pilma.com\/wp-content\/uploads\/2025\/11\/Pilma-512x512-1.png","contentUrl":"https:\/\/pilma.com\/wp-content\/uploads\/2025\/11\/Pilma-512x512-1.png","width":512,"height":512,"caption":"Pilma"},"image":{"@id":"https:\/\/pilma.com\/ca\/#\/schema\/logo\/image\/"},"sameAs":["https:\/\/www.facebook.com\/Pilma.es\/","https:\/\/x.com\/pilma_es","https:\/\/www.instagram.com\/pilma.es\/","https:\/\/es.linkedin.com\/company\/pilma-es\/","https:\/\/www.pinterest.es\/pilma_es\/"]}]}},"_links":{"self":[{"href":"https:\/\/pilma.com\/ca\/wp-json\/wp\/v2\/pages\/80558","targetHints":{"allow":["GET"]}}],"collection":[{"href":"https:\/\/pilma.com\/ca\/wp-json\/wp\/v2\/pages"}],"about":[{"href":"https:\/\/pilma.com\/ca\/wp-json\/wp\/v2\/types\/page"}],"author":[{"embeddable":true,"href":"https:\/\/pilma.com\/ca\/wp-json\/wp\/v2\/users\/24045"}],"replies":[{"embeddable":true,"href":"https:\/\/pilma.com\/ca\/wp-json\/wp\/v2\/comments?post=80558"}],"version-history":[{"count":0,"href":"https:\/\/pilma.com\/ca\/wp-json\/wp\/v2\/pages\/80558\/revisions"}],"wp:attachment":[{"href":"https:\/\/pilma.com\/ca\/wp-json\/wp\/v2\/media?parent=80558"}],"curies":[{"name":"wp","href":"https:\/\/api.w.org\/{rel}","templated":true}]}}