{"id":6813,"date":"2021-05-26T09:46:23","date_gmt":"2021-05-26T07:46:23","guid":{"rendered":"https:\/\/pilma.com\/la-nostra-marca-de-mobiliari-plm-design-pilma\/"},"modified":"2024-08-30T17:53:55","modified_gmt":"2024-08-30T15:53:55","slug":"la-nostra-marca-de-mobiliari-plm-design-pilma","status":"publish","type":"page","link":"https:\/\/pilma.com\/ca\/la-nostra-marca-de-mobiliari-plm-design-pilma\/","title":{"rendered":"La nostra marca de mobiliari, PLM Design | Pilma\u00ae"},"content":{"rendered":"<p>[et_pb_section fb_built=&#8221;1&#8243; _builder_version=&#8221;4.27.0&#8243; _module_preset=&#8221;default&#8221; background_image=&#8221;https:\/\/pilma.com\/wp-content\/uploads\/2023\/04\/58A0276.webp&#8221; min_height=&#8221;700px&#8221; custom_css_main_element=&#8221;display:flex;&#8221; locked=&#8221;off&#8221; global_colors_info=&#8221;{}&#8221;][et_pb_row _builder_version=&#8221;4.27.0&#8243; _module_preset=&#8221;default&#8221; global_colors_info=&#8221;{}&#8221;][et_pb_column type=&#8221;4_4&#8243; _builder_version=&#8221;4.16&#8243; _module_preset=&#8221;default&#8221; global_colors_info=&#8221;{}&#8221;][et_pb_text _builder_version=&#8221;4.27.0&#8243; _module_preset=&#8221;default&#8221; text_font=&#8221;||||||||&#8221; text_text_color=&#8221;#FFFFFF&#8221; text_font_size=&#8221;20px&#8221; text_line_height=&#8221;2.2em&#8221; header_font=&#8221;PILMA||||||||&#8221; header_text_color=&#8221;#FFFFFF&#8221; header_font_size=&#8221;145px&#8221; text_orientation=&#8221;center&#8221; custom_margin=&#8221;||||false|false&#8221; header_font_size_tablet=&#8221;125px&#8221; header_font_size_phone=&#8221;80px&#8221; header_font_size_last_edited=&#8221;on|desktop&#8221; text_text_shadow_style=&#8221;preset3&#8243; header_text_shadow_style=&#8221;preset3&#8243; global_colors_info=&#8221;{}&#8221;]<\/p>\n<p>LA NOSTRA MARCA DE MOBILIARI<\/p>\n<h1>PLMDESIGN<\/h1>\n<p>[\/et_pb_text][et_pb_text _builder_version=&#8221;4.27.0&#8243; _module_preset=&#8221;default&#8221; text_font=&#8221;Graphik extralight|500|||||||&#8221; text_text_color=&#8221;#FFFFFF&#8221; text_font_size=&#8221;40px&#8221; text_orientation=&#8221;center&#8221; hover_enabled=&#8221;0&#8243; text_text_shadow_style=&#8221;preset3&#8243; global_colors_info=&#8221;{}&#8221; sticky_enabled=&#8221;0&#8243;]<\/p>\n<p>Barcelona<\/p>\n<p>[\/et_pb_text][\/et_pb_column][\/et_pb_row][\/et_pb_section][et_pb_section fb_built=&#8221;1&#8243; _builder_version=&#8221;4.16&#8243; _module_preset=&#8221;default&#8221; background_color=&#8221;#f7eee7&#8243; locked=&#8221;off&#8221; global_colors_info=&#8221;{}&#8221;][et_pb_row _builder_version=&#8221;4.16&#8243; _module_preset=&#8221;default&#8221; width_tablet=&#8221;&#8221; width_phone=&#8221;90%&#8221; width_last_edited=&#8221;on|phone&#8221; global_colors_info=&#8221;{}&#8221;][et_pb_column type=&#8221;4_4&#8243; _builder_version=&#8221;4.16&#8243; _module_preset=&#8221;default&#8221; global_colors_info=&#8221;{}&#8221;][et_pb_text _builder_version=&#8221;4.27.0&#8243; _module_preset=&#8221;default&#8221; text_font_size=&#8221;24px&#8221; text_line_height=&#8221;1.3em&#8221; text_orientation=&#8221;center&#8221; max_width=&#8221;70%&#8221; max_width_tablet=&#8221;100%&#8221; max_width_phone=&#8221;&#8221; max_width_last_edited=&#8221;on|phone&#8221; module_alignment=&#8221;center&#8221; custom_margin=&#8221;||||false|false&#8221; text_font_size_tablet=&#8221;&#8221; text_font_size_phone=&#8221;26px&#8221; text_font_size_last_edited=&#8221;on|phone&#8221; global_colors_info=&#8221;{}&#8221;]<\/p>\n<p>PLM Design, la marca de mobiliari de Pilma, neix a finals del segle XX per fugir de les tend\u00e8ncies i donar llum a la seva visi\u00f3 m\u00e9s pura del disseny: estil racional i minimalista, qualitat i simplicitat de formes.<\/p>\n<p>[\/et_pb_text][et_pb_button button_url=&#8221;https:\/\/plmdesign.com\/login\/&#8221; button_text=&#8221;\u00c0rea privada de distribu\u00efdors&#8221; button_alignment=&#8221;center&#8221; _builder_version=&#8221;4.27.0&#8243; _module_preset=&#8221;default&#8221; custom_button=&#8221;on&#8221; button_text_color=&#8221;#FFFFFF&#8221; button_bg_color=&#8221;#000000&#8243; button_border_width=&#8221;1px&#8221; button_border_color=&#8221;RGBA(255,255,255,0)&#8221; button_border_radius=&#8221;4px&#8221; button_use_icon=&#8221;off&#8221; custom_margin=&#8221;40px||||false|false&#8221; locked=&#8221;off&#8221; global_colors_info=&#8221;{}&#8221; button_bg_color__hover_enabled=&#8221;on|hover&#8221; button_bg_color__hover=&#8221;RGBA(255,255,255,0)&#8221; button_bg_enable_color__hover=&#8221;on&#8221; button_border_width__hover_enabled=&#8221;on|desktop&#8221; button_border_width__hover=&#8221;1px&#8221; button_border_color__hover_enabled=&#8221;on|hover&#8221; button_border_color__hover=&#8221;#000000&#8243; button_text_color__hover_enabled=&#8221;on|hover&#8221; button_text_color__hover=&#8221;#000000&#8243;][\/et_pb_button][\/et_pb_column][\/et_pb_row][\/et_pb_section][et_pb_section fb_built=&#8221;1&#8243; _builder_version=&#8221;4.16&#8243; _module_preset=&#8221;default&#8221; custom_padding=&#8221;||78px||false|false&#8221; locked=&#8221;off&#8221; global_colors_info=&#8221;{}&#8221;][et_pb_row column_structure=&#8221;1_3,1_3,1_3&#8243; use_custom_gutter=&#8221;on&#8221; gutter_width=&#8221;3&#8243; make_equal=&#8221;on&#8221; _builder_version=&#8221;4.16&#8243; _module_preset=&#8221;default&#8221; custom_padding=&#8221;||||false|false&#8221; global_colors_info=&#8221;{}&#8221;][et_pb_column type=&#8221;1_3&#8243; _builder_version=&#8221;4.16&#8243; _module_preset=&#8221;default&#8221; global_colors_info=&#8221;{}&#8221;][et_pb_image src=&#8221;https:\/\/pilma.com\/wp-content\/uploads\/2021\/04\/pilma-marca-mobiliario-plm-design-barcelona-6.jpg&#8221; alt=&#8221;imatge detall bufet de la marca de mobiliari de Pilma, PLM Design. &#8221; title_text=&#8221;imatge detall bufet de la marca de mobiliari de Pilma, PLM Design. &#8221; align=&#8221;center&#8221; _builder_version=&#8221;4.16&#8243; _module_preset=&#8221;default&#8221; custom_margin_tablet=&#8221;auto||||false|false&#8221; custom_margin_last_edited=&#8221;off|desktop&#8221; animation_style=&#8221;slide&#8221; animation_direction=&#8221;bottom&#8221; animation_intensity_slide=&#8221;10%&#8221; global_colors_info=&#8221;{}&#8221;][\/et_pb_image][\/et_pb_column][et_pb_column type=&#8221;1_3&#8243; _builder_version=&#8221;4.16&#8243; _module_preset=&#8221;default&#8221; global_colors_info=&#8221;{}&#8221;][et_pb_image src=&#8221;https:\/\/pilma.com\/wp-content\/uploads\/2021\/04\/pilma-marca-mobiliario-plm-design-barcelona-7.jpg&#8221; alt=&#8221;imatge sof&amp;agrave; amb tauleta de la marca de mobiliari de Pilma, PLM Design&#8221; title_text=&#8221;imatge sof&amp;agrave; amb tauleta de la marca de mobiliari de Pilma, PLM Design&#8221; align=&#8221;center&#8221; _builder_version=&#8221;4.16&#8243; _module_preset=&#8221;default&#8221; custom_margin_tablet=&#8221;auto||||false|false&#8221; custom_margin_last_edited=&#8221;off|desktop&#8221; animation_style=&#8221;slide&#8221; animation_direction=&#8221;bottom&#8221; animation_delay=&#8221;500ms&#8221; animation_intensity_slide=&#8221;10%&#8221; global_colors_info=&#8221;{}&#8221;][\/et_pb_image][\/et_pb_column][et_pb_column type=&#8221;1_3&#8243; _builder_version=&#8221;4.16&#8243; _module_preset=&#8221;default&#8221; global_colors_info=&#8221;{}&#8221;][et_pb_image src=&#8221;https:\/\/pilma.com\/wp-content\/uploads\/2021\/04\/pilma-marca-mobiliario-plm-design-barcelona-3.jpg&#8221; alt=&#8221;imatge taula amb cadires de la marca de mobiliari de Pilma, PLM Design&#8221; title_text=&#8221;imatge taula amb cadires de la marca de mobiliari de Pilma, PLM Design&#8221; align=&#8221;center&#8221; _builder_version=&#8221;4.16&#8243; _module_preset=&#8221;default&#8221; custom_margin_tablet=&#8221;auto||||false|false&#8221; custom_margin_last_edited=&#8221;off|desktop&#8221; animation_style=&#8221;slide&#8221; animation_direction=&#8221;bottom&#8221; animation_delay=&#8221;1000ms&#8221; animation_intensity_slide=&#8221;10%&#8221; global_colors_info=&#8221;{}&#8221;][\/et_pb_image][\/et_pb_column][\/et_pb_row][et_pb_row _builder_version=&#8221;4.16&#8243; _module_preset=&#8221;default&#8221; width_tablet=&#8221;&#8221; width_phone=&#8221;90%&#8221; width_last_edited=&#8221;on|phone&#8221; global_colors_info=&#8221;{}&#8221;][et_pb_column type=&#8221;4_4&#8243; _builder_version=&#8221;4.16&#8243; _module_preset=&#8221;default&#8221; global_colors_info=&#8221;{}&#8221;][et_pb_text _builder_version=&#8221;4.27.0&#8243; _module_preset=&#8221;default&#8221; text_font_size=&#8221;24px&#8221; text_line_height=&#8221;1.3em&#8221; text_orientation=&#8221;center&#8221; max_width=&#8221;60%&#8221; max_width_tablet=&#8221;100%&#8221; max_width_last_edited=&#8221;off|desktop&#8221; module_alignment=&#8221;center&#8221; text_font_size_tablet=&#8221;&#8221; text_font_size_phone=&#8221;26px&#8221; text_font_size_last_edited=&#8221;on|phone&#8221; global_colors_info=&#8221;{}&#8221;]<\/p>\n<p>30 anys despr\u00e9s, PLM Design es mant\u00e9 com a font d\u2019inspiraci\u00f3 gr\u00e0cies a una curosa col\u00b7lecci\u00f3 de mobles, llums i accessoris que combinen funcionalitat i bellesa.<\/p>\n<p>[\/et_pb_text][et_pb_video src=&#8221;https:\/\/pilma.com\/wp-content\/uploads\/2021\/08\/LP-Pilma-2021-Set4-V4_Pilma-Design_BAJA.mp4&#8243; src_webm=&#8221;https:\/\/pilma.com\/wp-content\/uploads\/2021\/08\/LP-Pilma-2021-Set4-V4_Pilma-Design_BAJA.webm&#8221; image_src=&#8221;https:\/\/pilma.com\/wp-content\/uploads\/2021\/05\/video-cover-plm-design-1.jpg&#8221; _builder_version=&#8221;4.16&#8243; _module_preset=&#8221;default&#8221; custom_margin=&#8221;62px|||||&#8221; animation_style=&#8221;fade&#8221; animation_delay=&#8221;500ms&#8221; global_colors_info=&#8221;{}&#8221;][\/et_pb_video][et_pb_image src=&#8221;https:\/\/pilma.com\/wp-content\/uploads\/2021\/04\/plm-desing-pictos.png&#8221; title_text=&#8221;plm-design-pictos&#8221; align=&#8221;center&#8221; _builder_version=&#8221;4.27.0&#8243; _module_preset=&#8221;default&#8221; width=&#8221;40%&#8221; custom_margin=&#8221;100px||100px||false|false&#8221; hover_enabled=&#8221;0&#8243; global_colors_info=&#8221;{}&#8221; sticky_enabled=&#8221;0&#8243;][\/et_pb_image][et_pb_text _builder_version=&#8221;4.27.0&#8243; _module_preset=&#8221;default&#8221; text_font_size=&#8221;24px&#8221; text_line_height=&#8221;1.3em&#8221; text_orientation=&#8221;center&#8221; max_width=&#8221;90%&#8221; max_width_tablet=&#8221;100%&#8221; max_width_phone=&#8221;&#8221; max_width_last_edited=&#8221;on|phone&#8221; module_alignment=&#8221;center&#8221; text_font_size_tablet=&#8221;&#8221; text_font_size_phone=&#8221;26px&#8221; text_font_size_last_edited=&#8221;on|phone&#8221; global_colors_info=&#8221;{}&#8221;]<\/p>\n<p>La marca de disseny de Pilma no ha parat de cr\u00e9ixer, fins a arribar als m\u00e9s de 1000 punts de venda actuals distribu\u00efts per tot el territori nacional i per diferents pa\u00efsos europeus.<\/p>\n<p>[\/et_pb_text][et_pb_image src=&#8221;https:\/\/pilma.com\/wp-content\/uploads\/2021\/04\/pilma-marca-mobiliario-plm-design-barcelona-4.jpg&#8221; alt=&#8221;imatge de tancament de la marca de mobiliari de Pilma, PLM Design.&#8221; title_text=&#8221;imatge de tancament de la marca de mobiliari de Pilma, PLM Design.&#8221; force_fullwidth=&#8221;on&#8221; _builder_version=&#8221;4.16&#8243; _module_preset=&#8221;default&#8221; custom_margin=&#8221;100px||6px||false|false&#8221; global_colors_info=&#8221;{}&#8221;][\/et_pb_image][\/et_pb_column][\/et_pb_row][\/et_pb_section][et_pb_section fb_built=&#8221;1&#8243; _builder_version=&#8221;4.16&#8243; _module_preset=&#8221;default&#8221; background_color=&#8221;#ebe0d9&#8243; custom_padding=&#8221;||0px|||&#8221; global_colors_info=&#8221;{}&#8221;][et_pb_row _builder_version=&#8221;4.16&#8243; _module_preset=&#8221;default&#8221; global_colors_info=&#8221;{}&#8221;][et_pb_column type=&#8221;4_4&#8243; _builder_version=&#8221;4.16&#8243; _module_preset=&#8221;default&#8221; global_colors_info=&#8221;{}&#8221;][et_pb_text _builder_version=&#8221;4.25.1&#8243; _module_preset=&#8221;default&#8221; text_font=&#8221;|800|||||||&#8221; text_font_size=&#8221;22px&#8221; header_2_font=&#8221;|600|||||||&#8221; header_2_font_size=&#8221;40px&#8221; custom_padding=&#8221;10px||0px||false|false&#8221; header_2_font_size_tablet=&#8221;&#8221; header_2_font_size_phone=&#8221;22px&#8221; header_2_font_size_last_edited=&#8221;on|phone&#8221; border_width_top=&#8221;5px&#8221; border_color_top=&#8221;#000000&#8243; border_width_all_last_edited=&#8221;off|desktop&#8221; locked=&#8221;off&#8221; global_colors_info=&#8221;{}&#8221;]<\/p>\n<p><span style=\"color: #333333; font-size: 26px;\">La nostra essencia<\/span><\/p>\n<p>[\/et_pb_text][et_pb_text _builder_version=&#8221;4.27.0&#8243; _module_preset=&#8221;default&#8221; text_font=&#8221;Graphik extralight|600|||||||&#8221; text_font_size=&#8221;22px&#8221; text_line_height=&#8221;1.5em&#8221; custom_margin=&#8221;35px||85px||false|false&#8221; custom_padding=&#8221;|||90px|false|false&#8221; global_colors_info=&#8221;{}&#8221;]<\/p>\n<p>A Pilma, creiem que un bon disseny no ent\u00e9n de modes ni t\u00e9 data de caducitat. Per aix\u00f2 creem i seleccionem peces ideades perqu\u00e8 perdurin en el temps, amb una proposta que posa en valor el veritable significat del disseny: l\u2019equilibri entre funcionalitat i forma, gr\u00e0cies a l\u2019experi\u00e8ncia que ens aporten els nostres 45 anys d\u2019hist\u00f2ria i a un criteri basat en la sobrietat i l\u2019essencialitat.<\/p>\n<p>[\/et_pb_text][et_pb_text _builder_version=&#8221;4.25.1&#8243; _module_preset=&#8221;default&#8221; text_font=&#8221;|800|||||||&#8221; text_font_size=&#8221;22px&#8221; header_2_font=&#8221;|600|||||||&#8221; header_2_font_size=&#8221;40px&#8221; custom_padding=&#8221;10px||0px||false|false&#8221; header_2_font_size_tablet=&#8221;&#8221; header_2_font_size_phone=&#8221;22px&#8221; header_2_font_size_last_edited=&#8221;on|phone&#8221; border_width_top=&#8221;5px&#8221; border_color_top=&#8221;#000000&#8243; border_width_all_last_edited=&#8221;off|desktop&#8221; locked=&#8221;off&#8221; global_colors_info=&#8221;{}&#8221;]<\/p>\n<p><span style=\"color: #333333; font-size: 26px;\">Comprom\u00eds amb la sostenibilitat<\/span><\/p>\n<p>[\/et_pb_text][et_pb_text _builder_version=&#8221;4.25.1&#8243; _module_preset=&#8221;default&#8221; text_font=&#8221;Graphik extralight|600|||||||&#8221; text_font_size=&#8221;22px&#8221; text_line_height=&#8221;1.5em&#8221; custom_margin=&#8221;35px||85px||false|false&#8221; custom_padding=&#8221;|||90px|false|false&#8221; global_colors_info=&#8221;{}&#8221;]<\/p>\n<p>Som molt conscients de la import\u00e0ncia de preservar el medi ambient i els recursos naturals. Per aquesta ra\u00f3, tota la fusta que utilitzem procedeix de plantacions controlades.<\/p>\n<p>[\/et_pb_text][\/et_pb_column][\/et_pb_row][et_pb_row _builder_version=&#8221;4.27.0&#8243; _module_preset=&#8221;default&#8221; background_image=&#8221;https:\/\/pilma.com\/wp-content\/uploads\/2021\/04\/pilma-marca-mobiliario-plm-design-barcelona-9.jpg&#8221; width=&#8221;100%&#8221; max_width=&#8221;100%&#8221; min_height=&#8221;653px&#8221; global_colors_info=&#8221;{}&#8221;][et_pb_column type=&#8221;4_4&#8243; _builder_version=&#8221;4.16&#8243; _module_preset=&#8221;default&#8221; global_colors_info=&#8221;{}&#8221;][\/et_pb_column][\/et_pb_row][\/et_pb_section]<\/p>\n","protected":false},"excerpt":{"rendered":"<p>LA NOSTRA MARCA DE MOBILIARI PLMDESIGNBarcelonaPLM Design, la marca de mobiliari de Pilma, neix a finals del segle XX per fugir de les tend\u00e8ncies i donar llum a la seva visi\u00f3 m\u00e9s pura del disseny: estil racional i minimalista, qualitat i simplicitat de formes.30 anys despr\u00e9s, PLM Design es mant\u00e9 com a font d\u2019inspiraci\u00f3 gr\u00e0cies a una curosa col\u00b7lecci\u00f3 de mobles, llums i accessoris que combinen funcionalitat i bellesa.La marca de disseny de Pilma no ha parat de cr\u00e9ixer, fins a arribar als m\u00e9s de 1000 punts de venda actuals distribu\u00efts per tot el territori nacional i per diferents pa\u00efsos europeus.La nostra essencia A Pilma, creiem que un bon disseny no ent\u00e9n de modes ni t\u00e9 data de caducitat. Per aix\u00f2 creem i seleccionem peces ideades perqu\u00e8 perdurin en el temps, amb una proposta que posa en valor el veritable significat del disseny: l\u2019equilibri entre funcionalitat i forma, gr\u00e0cies a l\u2019experi\u00e8ncia que ens aporten els nostres 45 anys d\u2019hist\u00f2ria i a un criteri basat en la sobrietat i l\u2019essencialitat.Comprom\u00eds amb la sostenibilitat Som molt conscients de la import\u00e0ncia de preservar el medi ambient i els recursos naturals. Per aquesta ra\u00f3, tota la fusta que utilitzem procedeix de plantacions controlades.<\/p>\n","protected":false},"author":7,"featured_media":0,"parent":0,"menu_order":0,"comment_status":"closed","ping_status":"closed","template":"","meta":{"_acf_changed":false,"_et_pb_use_builder":"on","_et_pb_old_content":"","_et_gb_content_width":"","footnotes":""},"class_list":["post-6813","page","type-page","status-publish","hentry"],"acf":[],"yoast_head":"<!-- This site is optimized with the Yoast SEO plugin v27.3 - https:\/\/yoast.com\/product\/yoast-seo-wordpress\/ -->\n<title>PLM Design, la marca de mobiliari de Pilma\u00ae<\/title>\n<meta name=\"description\" content=\"Descobreix PLM Design, la marca de mobiliari de Pilma. Una aposta pel disseny atemporal.\" \/>\n<meta name=\"robots\" content=\"index, follow, max-snippet:-1, max-image-preview:large, max-video-preview:-1\" \/>\n<link rel=\"canonical\" href=\"https:\/\/pilma.com\/ca\/la-nostra-marca-de-mobiliari-plm-design-pilma\/\" \/>\n<meta property=\"og:locale\" content=\"ca_ES\" \/>\n<meta property=\"og:type\" content=\"article\" \/>\n<meta property=\"og:title\" content=\"PLM Design, la marca de mobiliari de Pilma\u00ae\" \/>\n<meta property=\"og:description\" content=\"Descobreix PLM Design, la marca de mobiliari de Pilma. Una aposta pel disseny atemporal.\" \/>\n<meta property=\"og:url\" content=\"https:\/\/pilma.com\/ca\/la-nostra-marca-de-mobiliari-plm-design-pilma\/\" \/>\n<meta property=\"og:site_name\" content=\"Pilma - Mobles de disseny i decoraci\u00f3 d&#039;interiors\" \/>\n<meta property=\"article:publisher\" content=\"https:\/\/www.facebook.com\/Pilma.es\/\" \/>\n<meta property=\"article:modified_time\" content=\"2024-08-30T15:53:55+00:00\" \/>\n<meta name=\"twitter:card\" content=\"summary_large_image\" \/>\n<meta name=\"twitter:site\" content=\"@pilma_es\" \/>\n<meta name=\"twitter:label1\" content=\"Temps estimat de lectura\" \/>\n\t<meta name=\"twitter:data1\" content=\"8 minuts\" \/>\n<script type=\"application\/ld+json\" class=\"yoast-schema-graph\">{\"@context\":\"https:\\\/\\\/schema.org\",\"@graph\":[{\"@type\":\"WebPage\",\"@id\":\"https:\\\/\\\/pilma.com\\\/ca\\\/la-nostra-marca-de-mobiliari-plm-design-pilma\\\/\",\"url\":\"https:\\\/\\\/pilma.com\\\/ca\\\/la-nostra-marca-de-mobiliari-plm-design-pilma\\\/\",\"name\":\"PLM Design, la marca de mobiliari de Pilma\u00ae\",\"isPartOf\":{\"@id\":\"https:\\\/\\\/pilma.com\\\/ca\\\/#website\"},\"datePublished\":\"2021-05-26T07:46:23+00:00\",\"dateModified\":\"2024-08-30T15:53:55+00:00\",\"description\":\"Descobreix PLM Design, la marca de mobiliari de Pilma. Una aposta pel disseny atemporal.\",\"breadcrumb\":{\"@id\":\"https:\\\/\\\/pilma.com\\\/ca\\\/la-nostra-marca-de-mobiliari-plm-design-pilma\\\/#breadcrumb\"},\"inLanguage\":\"ca\",\"potentialAction\":[{\"@type\":\"ReadAction\",\"target\":[\"https:\\\/\\\/pilma.com\\\/ca\\\/la-nostra-marca-de-mobiliari-plm-design-pilma\\\/\"]}]},{\"@type\":\"BreadcrumbList\",\"@id\":\"https:\\\/\\\/pilma.com\\\/ca\\\/la-nostra-marca-de-mobiliari-plm-design-pilma\\\/#breadcrumb\",\"itemListElement\":[{\"@type\":\"ListItem\",\"position\":1,\"name\":\"Home\",\"item\":\"https:\\\/\\\/pilma.com\\\/ca\\\/\"},{\"@type\":\"ListItem\",\"position\":2,\"name\":\"La nostra marca de mobiliari, PLM Design | Pilma\u00ae\"}]},{\"@type\":\"WebSite\",\"@id\":\"https:\\\/\\\/pilma.com\\\/ca\\\/#website\",\"url\":\"https:\\\/\\\/pilma.com\\\/ca\\\/\",\"name\":\"Pilma - Mobles de disseny i decoraci\u00f3 d'interiors\",\"description\":\"Pilma - Mobles de disseny i decoraci\u00f3 d'interiors\",\"publisher\":{\"@id\":\"https:\\\/\\\/pilma.com\\\/ca\\\/#organization\"},\"potentialAction\":[{\"@type\":\"SearchAction\",\"target\":{\"@type\":\"EntryPoint\",\"urlTemplate\":\"https:\\\/\\\/pilma.com\\\/ca\\\/?s={search_term_string}\"},\"query-input\":{\"@type\":\"PropertyValueSpecification\",\"valueRequired\":true,\"valueName\":\"search_term_string\"}}],\"inLanguage\":\"ca\"},{\"@type\":\"Organization\",\"@id\":\"https:\\\/\\\/pilma.com\\\/ca\\\/#organization\",\"name\":\"Pilma\",\"url\":\"https:\\\/\\\/pilma.com\\\/ca\\\/\",\"logo\":{\"@type\":\"ImageObject\",\"inLanguage\":\"ca\",\"@id\":\"https:\\\/\\\/pilma.com\\\/ca\\\/#\\\/schema\\\/logo\\\/image\\\/\",\"url\":\"https:\\\/\\\/pilma.com\\\/wp-content\\\/uploads\\\/2025\\\/11\\\/Pilma-512x512-1.png\",\"contentUrl\":\"https:\\\/\\\/pilma.com\\\/wp-content\\\/uploads\\\/2025\\\/11\\\/Pilma-512x512-1.png\",\"width\":512,\"height\":512,\"caption\":\"Pilma\"},\"image\":{\"@id\":\"https:\\\/\\\/pilma.com\\\/ca\\\/#\\\/schema\\\/logo\\\/image\\\/\"},\"sameAs\":[\"https:\\\/\\\/www.facebook.com\\\/Pilma.es\\\/\",\"https:\\\/\\\/x.com\\\/pilma_es\",\"https:\\\/\\\/www.instagram.com\\\/pilma.es\\\/\",\"https:\\\/\\\/es.linkedin.com\\\/company\\\/pilma-es\\\/\",\"https:\\\/\\\/www.pinterest.es\\\/pilma_es\\\/\"]}]}<\/script>\n<!-- \/ Yoast SEO plugin. -->","yoast_head_json":{"title":"PLM Design, la marca de mobiliari de Pilma\u00ae","description":"Descobreix PLM Design, la marca de mobiliari de Pilma. Una aposta pel disseny atemporal.","robots":{"index":"index","follow":"follow","max-snippet":"max-snippet:-1","max-image-preview":"max-image-preview:large","max-video-preview":"max-video-preview:-1"},"canonical":"https:\/\/pilma.com\/ca\/la-nostra-marca-de-mobiliari-plm-design-pilma\/","og_locale":"ca_ES","og_type":"article","og_title":"PLM Design, la marca de mobiliari de Pilma\u00ae","og_description":"Descobreix PLM Design, la marca de mobiliari de Pilma. Una aposta pel disseny atemporal.","og_url":"https:\/\/pilma.com\/ca\/la-nostra-marca-de-mobiliari-plm-design-pilma\/","og_site_name":"Pilma - Mobles de disseny i decoraci\u00f3 d'interiors","article_publisher":"https:\/\/www.facebook.com\/Pilma.es\/","article_modified_time":"2024-08-30T15:53:55+00:00","twitter_card":"summary_large_image","twitter_site":"@pilma_es","twitter_misc":{"Temps estimat de lectura":"8 minuts"},"schema":{"@context":"https:\/\/schema.org","@graph":[{"@type":"WebPage","@id":"https:\/\/pilma.com\/ca\/la-nostra-marca-de-mobiliari-plm-design-pilma\/","url":"https:\/\/pilma.com\/ca\/la-nostra-marca-de-mobiliari-plm-design-pilma\/","name":"PLM Design, la marca de mobiliari de Pilma\u00ae","isPartOf":{"@id":"https:\/\/pilma.com\/ca\/#website"},"datePublished":"2021-05-26T07:46:23+00:00","dateModified":"2024-08-30T15:53:55+00:00","description":"Descobreix PLM Design, la marca de mobiliari de Pilma. Una aposta pel disseny atemporal.","breadcrumb":{"@id":"https:\/\/pilma.com\/ca\/la-nostra-marca-de-mobiliari-plm-design-pilma\/#breadcrumb"},"inLanguage":"ca","potentialAction":[{"@type":"ReadAction","target":["https:\/\/pilma.com\/ca\/la-nostra-marca-de-mobiliari-plm-design-pilma\/"]}]},{"@type":"BreadcrumbList","@id":"https:\/\/pilma.com\/ca\/la-nostra-marca-de-mobiliari-plm-design-pilma\/#breadcrumb","itemListElement":[{"@type":"ListItem","position":1,"name":"Home","item":"https:\/\/pilma.com\/ca\/"},{"@type":"ListItem","position":2,"name":"La nostra marca de mobiliari, PLM Design | Pilma\u00ae"}]},{"@type":"WebSite","@id":"https:\/\/pilma.com\/ca\/#website","url":"https:\/\/pilma.com\/ca\/","name":"Pilma - Mobles de disseny i decoraci\u00f3 d'interiors","description":"Pilma - Mobles de disseny i decoraci\u00f3 d'interiors","publisher":{"@id":"https:\/\/pilma.com\/ca\/#organization"},"potentialAction":[{"@type":"SearchAction","target":{"@type":"EntryPoint","urlTemplate":"https:\/\/pilma.com\/ca\/?s={search_term_string}"},"query-input":{"@type":"PropertyValueSpecification","valueRequired":true,"valueName":"search_term_string"}}],"inLanguage":"ca"},{"@type":"Organization","@id":"https:\/\/pilma.com\/ca\/#organization","name":"Pilma","url":"https:\/\/pilma.com\/ca\/","logo":{"@type":"ImageObject","inLanguage":"ca","@id":"https:\/\/pilma.com\/ca\/#\/schema\/logo\/image\/","url":"https:\/\/pilma.com\/wp-content\/uploads\/2025\/11\/Pilma-512x512-1.png","contentUrl":"https:\/\/pilma.com\/wp-content\/uploads\/2025\/11\/Pilma-512x512-1.png","width":512,"height":512,"caption":"Pilma"},"image":{"@id":"https:\/\/pilma.com\/ca\/#\/schema\/logo\/image\/"},"sameAs":["https:\/\/www.facebook.com\/Pilma.es\/","https:\/\/x.com\/pilma_es","https:\/\/www.instagram.com\/pilma.es\/","https:\/\/es.linkedin.com\/company\/pilma-es\/","https:\/\/www.pinterest.es\/pilma_es\/"]}]}},"_links":{"self":[{"href":"https:\/\/pilma.com\/ca\/wp-json\/wp\/v2\/pages\/6813","targetHints":{"allow":["GET"]}}],"collection":[{"href":"https:\/\/pilma.com\/ca\/wp-json\/wp\/v2\/pages"}],"about":[{"href":"https:\/\/pilma.com\/ca\/wp-json\/wp\/v2\/types\/page"}],"author":[{"embeddable":true,"href":"https:\/\/pilma.com\/ca\/wp-json\/wp\/v2\/users\/7"}],"replies":[{"embeddable":true,"href":"https:\/\/pilma.com\/ca\/wp-json\/wp\/v2\/comments?post=6813"}],"version-history":[{"count":0,"href":"https:\/\/pilma.com\/ca\/wp-json\/wp\/v2\/pages\/6813\/revisions"}],"wp:attachment":[{"href":"https:\/\/pilma.com\/ca\/wp-json\/wp\/v2\/media?parent=6813"}],"curies":[{"name":"wp","href":"https:\/\/api.w.org\/{rel}","templated":true}]}}