{"id":6805,"date":"2021-05-26T09:45:59","date_gmt":"2021-05-26T07:45:59","guid":{"rendered":"https:\/\/pilma.com\/poltica-de-galetes\/"},"modified":"2025-06-20T10:24:13","modified_gmt":"2025-06-20T08:24:13","slug":"politica-de-cookies","status":"publish","type":"page","link":"https:\/\/pilma.com\/ca\/politica-de-cookies\/","title":{"rendered":"Pol\u00edtica de cookies"},"content":{"rendered":"<p>[et_pb_section fb_built=&#8221;1&#8243; _builder_version=&#8221;4.25.0&#8243; _module_preset=&#8221;default&#8221; background_enable_color=&#8221;off&#8221; background_enable_image=&#8221;off&#8221; background_size=&#8221;initial&#8221; background_position=&#8221;top_center&#8221; locked=&#8221;off&#8221; global_colors_info=&#8221;{}&#8221;][et_pb_row _builder_version=&#8221;4.16&#8243; _module_preset=&#8221;default&#8221; global_colors_info=&#8221;{}&#8221;][et_pb_column type=&#8221;4_4&#8243; _builder_version=&#8221;4.16&#8243; _module_preset=&#8221;default&#8221; global_colors_info=&#8221;{}&#8221;][et_pb_text _builder_version=&#8221;4.27.4&#8243; _module_preset=&#8221;default&#8221; text_font=&#8221;Graphik Bold|800|||||||&#8221; text_font_size=&#8221;22px&#8221; custom_padding=&#8221;10px||0px||false|false&#8221; border_width_top=&#8221;5px&#8221; border_color_top=&#8221;#000000&#8243; locked=&#8221;off&#8221; global_colors_info=&#8221;{}&#8221;]<\/p>\n<p>POL\u00cdTICA DE COOKIES<\/p>\n<p>[\/et_pb_text][et_pb_text _builder_version=&#8221;4.16&#8243; _module_preset=&#8221;default&#8221; inline_fonts=&#8221;Graphik Bold,Graphik regular&#8221; global_colors_info=&#8221;{}&#8221;]<\/p>\n<h2><span style=\"text-decoration: underline; font-family: 'Graphik Bold'; font-weight: normal; font-size: large;\">Informaci\u00f3 sobre Cookies<\/span><\/h2>\n<p><span style=\"font-size: 16px;\">A continuaci\u00f3 presentem les tecnologies que fem servir per recopilar informaci\u00f3 sobre l\u2019\u00fas dels llocs web en els qual gestionem la publicitat, en especial l\u2019\u00fas de les cookies.<\/span><\/p>\n<h3><span style=\"font-family: 'Graphik Bold'; font-weight: normal; font-size: large;\">Qu\u00e8 \u00e9s una Cookie?<\/span><\/h3>\n<p>Segons IAB SPAIN, una Cookie \u00e9s un petit fitxer que ubica el servidor del lloc web al disc dur de l&#8217;usuari que el visita, amb l&#8217;objectiu de recollir dades sobre la navegaci\u00f3 de l\u2019usuari, entre altres coses.<\/p>\n<h3><span style=\"font-size: large; font-family: 'Graphik Bold'; font-weight: normal;\">Tipus de Cookies<\/span><\/h3>\n<p>Hi han dos tipus principals de Cookies: Les Cookies de Sessi\u00f3 i les Cookies persistents.<\/p>\n<p>1. Les Cookies de Sessi\u00f3 guarden informaci\u00f3 temporal que s\u2019elimina un cop l\u2019usuari abandona la p\u00e0gina o tanca el navegador.<\/p>\n<p>2. Les Cookies Persistents emmagatzemen informaci\u00f3 durant m\u00e9s temps i permeten, entre altres aplicacions, mostrar publicitat relacionada amb els interessos de l\u2019usuari.<\/p>\n<p>Aix\u00ed mateix, hi han Cookies associades a les dades personals i Cookies dissociades de les dades personals. Nom\u00e9s fem servir Cookies dissociades de dades personals. Aix\u00f2 vol dir que no conservem mai cap dada a les Cookies que permetin identificar els usuaris.<\/p>\n<h2><span style=\"font-family: 'Graphik Bold'; font-weight: normal; font-size: large;\">Per qu\u00e8 utilizeu las Cookies?<\/span><\/h2>\n<p>Fem servir les Cookies per:<\/p>\n<ul>\n<li>Adaptar i personalitzar els continguts i serveis que oferim al portal.<\/li>\n<li>Segmentar i controlar la freq\u00fc\u00e8ncia de visionat dels anuncis.<\/li>\n<\/ul>\n<p>&nbsp;<\/p>\n<h2><span style=\"text-decoration: underline; font-family: 'Graphik Bold'; font-weight: normal; font-size: large;\">Cookies de terceros<\/span><\/h2>\n<h2><span style=\"font-family: 'Graphik Bold'; font-weight: normal; font-size: large;\">Google y la Cookie de Google Analytics<\/span><\/h2>\n<p>Aquest lloc web fa servir Google Analytics, un servei anal\u00edtic de web prestat per Google Inc (&#8220;Google&#8221;), una empresa de Delaware (Estats Units) amb seu a Calif\u00f2rnia, a l&#8217;adre\u00e7a 1600 Amphitheatre Parkway, Mountain View, CA 94043.<\/p>\n<p>Google Analytics utilitza Cookies, \u00e9s a dir, arxius de texts que s\u00f3n a dins del seu ordinador, per tal d\u2019ajudar al lloc web a analitzar quin \u00fas fan els usuaris del lloc web. La informaci\u00f3 que genera la Cookie en relaci\u00f3 amb el seu \u00fas del lloc web (adre\u00e7a IP inclosa) es transmetr\u00e0 directament a Google, que l\u2019arxivar\u00e0 als seus servidors dels Estats Units. Google far\u00e0 \u00fas d\u2019aquesta informaci\u00f3 per compte nostre, amb la finalitat de fer un seguiment de l\u2019\u00fas que vost\u00e8 fa del lloc web, recopilant informes de l\u2019activitat del lloc web i oferint altres serveis associats a l\u2019activitat del lloc web i a l\u2019\u00fas d\u2019Internet.<\/p>\n<p>Google podr\u00e0 lliurar la informaci\u00f3 esmentada a tercers quan aix\u00ed ho requereixi la legislaci\u00f3 o b\u00e9 quan aquests tercers processin la informaci\u00f3 per compte de Google. Google no associar\u00e0 la seva adre\u00e7a IP a cap altra dada de la qual Google disposi.<\/p>\n<p>Vost\u00e8 t\u00e9 dret a oposar-se al tractament de les seves dades o de la seva informaci\u00f3 rebutjant l\u2019\u00fas de Cookies amb la selecci\u00f3 de la configuraci\u00f3 adequada del seu navegador. Cal remarcar que aquesta oposici\u00f3 pot afectar la plena funcionalitat d\u2019aquest lloc web. En utilitzar aquest lloc web, vost\u00e8 dona el seu consentiment perqu\u00e8 Google faci el tractament de la seva informaci\u00f3 en la forma i per a les finalitats esmentades m\u00e9s amunt.<\/p>\n<p><span style=\"font-size: large; font-family: 'Graphik Bold'; font-weight: normal;\">Desactivaci\u00f3n o eliminaci\u00f3n de las cookies<\/span><\/p>\n<p>Pot revocar o ajustar el seu consentiment relatiu a les Cookies en qualsevol moment mitjan\u00e7ant l\u2019enlla\u00e7 seg\u00fcent <span style=\"text-decoration: underline;\"><span class=\"change-settings-button\" data-href=\"#moove_gdpr_cookie_modal\">configuraci\u00f3 de Cookies<\/span><\/span>, mitjan\u00e7ant les plataformes comunes que hi puguin haver amb aquesta finalitat o b\u00e9 mitjan\u00e7ant el seu navegador.<\/p>\n<p>En el cas que desitgi revocar el seu consentiment a trav\u00e9s d&#8217;un navegador, haur\u00e0 de modificar-ne la configuraci\u00f3 seguint els passos seg\u00fcents:<\/p>\n<p>(i) Microsoft Internet Explorer: a l\u2019opci\u00f3 de men\u00fa Eines, seleccioni Opcions d\u2019Internet i vagi a Privadesa.<\/p>\n<p>(ii) Firefox, per a Mac: a l\u2019opci\u00f3 de men\u00fa Prefer\u00e8ncies, seleccioni Privadesa i vagi a l\u2019apartat Mostrar Cookies. Per a Windows, a l\u2019opci\u00f3 del men\u00fa Eines, seleccioni Opcions, vagi a Privadesa i seguretat i despr\u00e9s a Personalitzada.<\/p>\n<p>(Iii) Per a Safari, en l\u2019opci\u00f3 Safari, seleccioni Prefer\u00e8ncies i Privadesa.<\/p>\n<p>(Iv) Per a Google Chrome, en l\u2019opci\u00f3 de men\u00fa Eines o pestanya de Chrome (per a Mac), seleccioni Opcions (Prefer\u00e8ncies a Mac), vagi a Configuraci\u00f3 i despr\u00e9s a Privadesa i seguretat &gt; Configuraci\u00f3 del lloc web i finalment marqui Cookies i altres dades dels llocs web.<\/p>\n<p>En el cas que hagi acceptat Cookies de tercers, haur\u00e0 d\u2019eliminar-les a les opcions del navegador. En aquest sentit, es recomana a l\u2019usuari que consulti la secci\u00f3 Ajuda del seu navegador o b\u00e9 accedeixi a les p\u00e0gines web d\u2019ajuda dels principals navegadors:<\/p>\n<ul>\n<li><a href=\"https:\/\/support.google.com\/chrome\/answer\/95647?hl=ca\" target=\"_blank\" rel=\"noopener\">Google Chrome\u00a0<\/a><\/li>\n<li><a href=\"https:\/\/support.mozilla.org\/es\/kb\/habilitar-y-deshabilitar-cookies-sitios-web-rastrear-preferencias?redirectlocale=es&amp;redirectslug=habilitar-y-deshabilitar-cookies-que-los-sitios-we\" target=\"_blank\" rel=\"noopener\">Mozilla Firefox<\/a><\/li>\n<li><a href=\"https:\/\/support.microsoft.com\/es-es\/windows\/eliminar-y-administrar-cookies-168dab11-0753-043d-7c16-ede5947fc64d\" target=\"_blank\" rel=\"noopener\">Internet Explorer<\/a><\/li>\n<li><a href=\"https:\/\/support.apple.com\/es-es\/guide\/safari\/sfri11471\/mac\" target=\"_blank\" rel=\"noopener\">Safari<\/a><\/li>\n<li><a href=\"https:\/\/help.opera.com\/en\/latest\/web-preferences\/#cookies\" target=\"_blank\" rel=\"noopener\">Opera<\/a><\/li>\n<\/ul>\n<p>Ha de saber que si rebutja totes les Cookies no podr\u00e0 veure la totalitat dels continguts de la p\u00e0gina perqu\u00e8 el funcionament del web no ser\u00e0 totalment normal. Fins i tot \u00e9s possible que no pugui accedir al registre d\u2019usuari.<\/p>\n<p>[\/et_pb_text][\/et_pb_column][\/et_pb_row][\/et_pb_section]<\/p>\n","protected":false},"excerpt":{"rendered":"<p>POL\u00cdTICA DE COOKIESInformaci\u00f3 sobre Cookies A continuaci\u00f3 presentem les tecnologies que fem servir per recopilar informaci\u00f3 sobre l\u2019\u00fas dels llocs web en els qual gestionem la publicitat, en especial l\u2019\u00fas de les cookies. Qu\u00e8 \u00e9s una Cookie? Segons IAB SPAIN, una Cookie \u00e9s un petit fitxer que ubica el servidor del lloc web al disc dur de l&#8217;usuari que el visita, amb l&#8217;objectiu de recollir dades sobre la navegaci\u00f3 de l\u2019usuari, entre altres coses. Tipus de Cookies Hi han dos tipus principals de Cookies: Les Cookies de Sessi\u00f3 i les Cookies persistents. 1. Les Cookies de Sessi\u00f3 guarden informaci\u00f3 temporal que s\u2019elimina un cop l\u2019usuari abandona la p\u00e0gina o tanca el navegador. 2. Les Cookies Persistents emmagatzemen informaci\u00f3 durant m\u00e9s temps i permeten, entre altres aplicacions, mostrar publicitat relacionada amb els interessos de l\u2019usuari. Aix\u00ed mateix, hi han Cookies associades a les dades personals i Cookies dissociades de les dades personals. Nom\u00e9s fem servir Cookies dissociades de dades personals. Aix\u00f2 vol dir que no conservem mai cap dada a les Cookies que permetin identificar els usuaris. Per qu\u00e8 utilizeu las Cookies? Fem servir les Cookies per: Adaptar i personalitzar els continguts i serveis que oferim al portal. Segmentar i controlar [&hellip;]<\/p>\n","protected":false},"author":7,"featured_media":0,"parent":0,"menu_order":0,"comment_status":"closed","ping_status":"closed","template":"","meta":{"_acf_changed":false,"_et_pb_use_builder":"on","_et_pb_old_content":"","_et_gb_content_width":"","footnotes":""},"class_list":["post-6805","page","type-page","status-publish","hentry"],"acf":[],"yoast_head":"<!-- This site is optimized with the Yoast SEO plugin v27.3 - https:\/\/yoast.com\/product\/yoast-seo-wordpress\/ -->\n<title>Pol\u00edtica de cookies de la nostra web | PILMA<\/title>\n<meta name=\"description\" content=\"En aquesta p\u00e0gina t&#039;expliquem quina tecnolog\u00eda utilitzem per a recopilar informaci\u00f3 sobre les visites dels nostres usuaris,\" \/>\n<meta name=\"robots\" content=\"index, follow, max-snippet:-1, max-image-preview:large, max-video-preview:-1\" \/>\n<link rel=\"canonical\" href=\"https:\/\/pilma.com\/ca\/politica-de-cookies\/\" \/>\n<meta property=\"og:locale\" content=\"ca_ES\" \/>\n<meta property=\"og:type\" content=\"article\" \/>\n<meta property=\"og:title\" content=\"Pol\u00edtica de cookies de la nostra web | PILMA\" \/>\n<meta property=\"og:description\" content=\"En aquesta p\u00e0gina t&#039;expliquem quina tecnolog\u00eda utilitzem per a recopilar informaci\u00f3 sobre les visites dels nostres usuaris,\" \/>\n<meta property=\"og:url\" content=\"https:\/\/pilma.com\/ca\/politica-de-cookies\/\" \/>\n<meta property=\"og:site_name\" content=\"Pilma - Mobles de disseny i decoraci\u00f3 d&#039;interiors\" \/>\n<meta property=\"article:publisher\" content=\"https:\/\/www.facebook.com\/Pilma.es\/\" \/>\n<meta property=\"article:modified_time\" content=\"2025-06-20T08:24:13+00:00\" \/>\n<meta name=\"twitter:card\" content=\"summary_large_image\" \/>\n<meta name=\"twitter:site\" content=\"@pilma_es\" \/>\n<meta name=\"twitter:label1\" content=\"Temps estimat de lectura\" \/>\n\t<meta name=\"twitter:data1\" content=\"4 minuts\" \/>\n<script type=\"application\/ld+json\" class=\"yoast-schema-graph\">{\"@context\":\"https:\\\/\\\/schema.org\",\"@graph\":[{\"@type\":\"WebPage\",\"@id\":\"https:\\\/\\\/pilma.com\\\/ca\\\/politica-de-cookies\\\/\",\"url\":\"https:\\\/\\\/pilma.com\\\/ca\\\/politica-de-cookies\\\/\",\"name\":\"Pol\u00edtica de cookies de la nostra web | PILMA\",\"isPartOf\":{\"@id\":\"https:\\\/\\\/pilma.com\\\/ca\\\/#website\"},\"datePublished\":\"2021-05-26T07:45:59+00:00\",\"dateModified\":\"2025-06-20T08:24:13+00:00\",\"description\":\"En aquesta p\u00e0gina t'expliquem quina tecnolog\u00eda utilitzem per a recopilar informaci\u00f3 sobre les visites dels nostres usuaris,\",\"breadcrumb\":{\"@id\":\"https:\\\/\\\/pilma.com\\\/ca\\\/politica-de-cookies\\\/#breadcrumb\"},\"inLanguage\":\"ca\",\"potentialAction\":[{\"@type\":\"ReadAction\",\"target\":[\"https:\\\/\\\/pilma.com\\\/ca\\\/politica-de-cookies\\\/\"]}]},{\"@type\":\"BreadcrumbList\",\"@id\":\"https:\\\/\\\/pilma.com\\\/ca\\\/politica-de-cookies\\\/#breadcrumb\",\"itemListElement\":[{\"@type\":\"ListItem\",\"position\":1,\"name\":\"Home\",\"item\":\"https:\\\/\\\/pilma.com\\\/ca\\\/\"},{\"@type\":\"ListItem\",\"position\":2,\"name\":\"Pol\u00edtica de cookies\"}]},{\"@type\":\"WebSite\",\"@id\":\"https:\\\/\\\/pilma.com\\\/ca\\\/#website\",\"url\":\"https:\\\/\\\/pilma.com\\\/ca\\\/\",\"name\":\"Pilma - Mobles de disseny i decoraci\u00f3 d'interiors\",\"description\":\"Pilma - Mobles de disseny i decoraci\u00f3 d'interiors\",\"publisher\":{\"@id\":\"https:\\\/\\\/pilma.com\\\/ca\\\/#organization\"},\"potentialAction\":[{\"@type\":\"SearchAction\",\"target\":{\"@type\":\"EntryPoint\",\"urlTemplate\":\"https:\\\/\\\/pilma.com\\\/ca\\\/?s={search_term_string}\"},\"query-input\":{\"@type\":\"PropertyValueSpecification\",\"valueRequired\":true,\"valueName\":\"search_term_string\"}}],\"inLanguage\":\"ca\"},{\"@type\":\"Organization\",\"@id\":\"https:\\\/\\\/pilma.com\\\/ca\\\/#organization\",\"name\":\"Pilma\",\"url\":\"https:\\\/\\\/pilma.com\\\/ca\\\/\",\"logo\":{\"@type\":\"ImageObject\",\"inLanguage\":\"ca\",\"@id\":\"https:\\\/\\\/pilma.com\\\/ca\\\/#\\\/schema\\\/logo\\\/image\\\/\",\"url\":\"https:\\\/\\\/pilma.com\\\/wp-content\\\/uploads\\\/2025\\\/11\\\/Pilma-512x512-1.png\",\"contentUrl\":\"https:\\\/\\\/pilma.com\\\/wp-content\\\/uploads\\\/2025\\\/11\\\/Pilma-512x512-1.png\",\"width\":512,\"height\":512,\"caption\":\"Pilma\"},\"image\":{\"@id\":\"https:\\\/\\\/pilma.com\\\/ca\\\/#\\\/schema\\\/logo\\\/image\\\/\"},\"sameAs\":[\"https:\\\/\\\/www.facebook.com\\\/Pilma.es\\\/\",\"https:\\\/\\\/x.com\\\/pilma_es\",\"https:\\\/\\\/www.instagram.com\\\/pilma.es\\\/\",\"https:\\\/\\\/es.linkedin.com\\\/company\\\/pilma-es\\\/\",\"https:\\\/\\\/www.pinterest.es\\\/pilma_es\\\/\"]}]}<\/script>\n<!-- \/ Yoast SEO plugin. -->","yoast_head_json":{"title":"Pol\u00edtica de cookies de la nostra web | PILMA","description":"En aquesta p\u00e0gina t'expliquem quina tecnolog\u00eda utilitzem per a recopilar informaci\u00f3 sobre les visites dels nostres usuaris,","robots":{"index":"index","follow":"follow","max-snippet":"max-snippet:-1","max-image-preview":"max-image-preview:large","max-video-preview":"max-video-preview:-1"},"canonical":"https:\/\/pilma.com\/ca\/politica-de-cookies\/","og_locale":"ca_ES","og_type":"article","og_title":"Pol\u00edtica de cookies de la nostra web | PILMA","og_description":"En aquesta p\u00e0gina t'expliquem quina tecnolog\u00eda utilitzem per a recopilar informaci\u00f3 sobre les visites dels nostres usuaris,","og_url":"https:\/\/pilma.com\/ca\/politica-de-cookies\/","og_site_name":"Pilma - Mobles de disseny i decoraci\u00f3 d'interiors","article_publisher":"https:\/\/www.facebook.com\/Pilma.es\/","article_modified_time":"2025-06-20T08:24:13+00:00","twitter_card":"summary_large_image","twitter_site":"@pilma_es","twitter_misc":{"Temps estimat de lectura":"4 minuts"},"schema":{"@context":"https:\/\/schema.org","@graph":[{"@type":"WebPage","@id":"https:\/\/pilma.com\/ca\/politica-de-cookies\/","url":"https:\/\/pilma.com\/ca\/politica-de-cookies\/","name":"Pol\u00edtica de cookies de la nostra web | PILMA","isPartOf":{"@id":"https:\/\/pilma.com\/ca\/#website"},"datePublished":"2021-05-26T07:45:59+00:00","dateModified":"2025-06-20T08:24:13+00:00","description":"En aquesta p\u00e0gina t'expliquem quina tecnolog\u00eda utilitzem per a recopilar informaci\u00f3 sobre les visites dels nostres usuaris,","breadcrumb":{"@id":"https:\/\/pilma.com\/ca\/politica-de-cookies\/#breadcrumb"},"inLanguage":"ca","potentialAction":[{"@type":"ReadAction","target":["https:\/\/pilma.com\/ca\/politica-de-cookies\/"]}]},{"@type":"BreadcrumbList","@id":"https:\/\/pilma.com\/ca\/politica-de-cookies\/#breadcrumb","itemListElement":[{"@type":"ListItem","position":1,"name":"Home","item":"https:\/\/pilma.com\/ca\/"},{"@type":"ListItem","position":2,"name":"Pol\u00edtica de cookies"}]},{"@type":"WebSite","@id":"https:\/\/pilma.com\/ca\/#website","url":"https:\/\/pilma.com\/ca\/","name":"Pilma - Mobles de disseny i decoraci\u00f3 d'interiors","description":"Pilma - Mobles de disseny i decoraci\u00f3 d'interiors","publisher":{"@id":"https:\/\/pilma.com\/ca\/#organization"},"potentialAction":[{"@type":"SearchAction","target":{"@type":"EntryPoint","urlTemplate":"https:\/\/pilma.com\/ca\/?s={search_term_string}"},"query-input":{"@type":"PropertyValueSpecification","valueRequired":true,"valueName":"search_term_string"}}],"inLanguage":"ca"},{"@type":"Organization","@id":"https:\/\/pilma.com\/ca\/#organization","name":"Pilma","url":"https:\/\/pilma.com\/ca\/","logo":{"@type":"ImageObject","inLanguage":"ca","@id":"https:\/\/pilma.com\/ca\/#\/schema\/logo\/image\/","url":"https:\/\/pilma.com\/wp-content\/uploads\/2025\/11\/Pilma-512x512-1.png","contentUrl":"https:\/\/pilma.com\/wp-content\/uploads\/2025\/11\/Pilma-512x512-1.png","width":512,"height":512,"caption":"Pilma"},"image":{"@id":"https:\/\/pilma.com\/ca\/#\/schema\/logo\/image\/"},"sameAs":["https:\/\/www.facebook.com\/Pilma.es\/","https:\/\/x.com\/pilma_es","https:\/\/www.instagram.com\/pilma.es\/","https:\/\/es.linkedin.com\/company\/pilma-es\/","https:\/\/www.pinterest.es\/pilma_es\/"]}]}},"_links":{"self":[{"href":"https:\/\/pilma.com\/ca\/wp-json\/wp\/v2\/pages\/6805","targetHints":{"allow":["GET"]}}],"collection":[{"href":"https:\/\/pilma.com\/ca\/wp-json\/wp\/v2\/pages"}],"about":[{"href":"https:\/\/pilma.com\/ca\/wp-json\/wp\/v2\/types\/page"}],"author":[{"embeddable":true,"href":"https:\/\/pilma.com\/ca\/wp-json\/wp\/v2\/users\/7"}],"replies":[{"embeddable":true,"href":"https:\/\/pilma.com\/ca\/wp-json\/wp\/v2\/comments?post=6805"}],"version-history":[{"count":0,"href":"https:\/\/pilma.com\/ca\/wp-json\/wp\/v2\/pages\/6805\/revisions"}],"wp:attachment":[{"href":"https:\/\/pilma.com\/ca\/wp-json\/wp\/v2\/media?parent=6805"}],"curies":[{"name":"wp","href":"https:\/\/api.w.org\/{rel}","templated":true}]}}